{"id":6373,"date":"2023-02-15T09:03:55","date_gmt":"2023-02-15T08:03:55","guid":{"rendered":"https:\/\/courses-pompadour.fr\/?page_id=6373"},"modified":"2026-03-31T17:10:38","modified_gmt":"2026-03-31T15:10:38","slug":"actualites","status":"publish","type":"page","link":"https:\/\/courses-pompadour.fr\/?page_id=6373","title":{"rendered":"Label EquuRES"},"content":{"rendered":"\t\t<div data-elementor-type=\"wp-page\" data-elementor-id=\"6373\" class=\"elementor elementor-6373\">\n\t\t\t\t\t\t\t\t\t<section class=\"elementor-section elementor-top-section elementor-element elementor-element-2ce8da7 elementor-section-boxed elementor-section-height-default elementor-section-height-default qodef-elementor-content-no\" data-id=\"2ce8da7\" data-element_type=\"section\">\n\t\t\t\t\t\t<div class=\"elementor-container elementor-column-gap-default\">\n\t\t\t\t\t<div class=\"elementor-column elementor-col-100 elementor-top-column elementor-element elementor-element-783533a\" data-id=\"783533a\" data-element_type=\"column\">\n\t\t\t<div class=\"elementor-widget-wrap elementor-element-populated\">\n\t\t\t\t\t\t\t\t<div class=\"elementor-element elementor-element-850fa95 elementor-widget elementor-widget-spacer\" data-id=\"850fa95\" data-element_type=\"widget\" data-widget_type=\"spacer.default\">\n\t\t\t\t<div class=\"elementor-widget-container\">\n\t\t\t<style>\/*! elementor - v3.11.0 - 13-02-2023 *\/\n.elementor-column .elementor-spacer-inner{height:var(--spacer-size)}.e-con{--container-widget-width:100%}.e-con-inner>.elementor-widget-spacer,.e-con>.elementor-widget-spacer{width:var(--container-widget-width,var(--spacer-size));--align-self:var(--container-widget-align-self,initial);--flex-shrink:0}.e-con-inner>.elementor-widget-spacer>.elementor-widget-container,.e-con-inner>.elementor-widget-spacer>.elementor-widget-container>.elementor-spacer,.e-con>.elementor-widget-spacer>.elementor-widget-container,.e-con>.elementor-widget-spacer>.elementor-widget-container>.elementor-spacer{height:100%}.e-con-inner>.elementor-widget-spacer>.elementor-widget-container>.elementor-spacer>.elementor-spacer-inner,.e-con>.elementor-widget-spacer>.elementor-widget-container>.elementor-spacer>.elementor-spacer-inner{height:var(--container-widget-height,var(--spacer-size))}<\/style>\t\t<div class=\"elementor-spacer\">\n\t\t\t<div class=\"elementor-spacer-inner\"><\/div>\n\t\t<\/div>\n\t\t\t\t<\/div>\n\t\t\t\t<\/div>\n\t\t\t\t<div class=\"elementor-element elementor-element-8cb22dd elementor-widget elementor-widget-heading\" data-id=\"8cb22dd\" data-element_type=\"widget\" data-widget_type=\"heading.default\">\n\t\t\t\t<div class=\"elementor-widget-container\">\n\t\t\t<style>\/*! elementor - v3.11.0 - 13-02-2023 *\/\n.elementor-heading-title{padding:0;margin:0;line-height:1}.elementor-widget-heading .elementor-heading-title[class*=elementor-size-]>a{color:inherit;font-size:inherit;line-height:inherit}.elementor-widget-heading .elementor-heading-title.elementor-size-small{font-size:15px}.elementor-widget-heading .elementor-heading-title.elementor-size-medium{font-size:19px}.elementor-widget-heading .elementor-heading-title.elementor-size-large{font-size:29px}.elementor-widget-heading .elementor-heading-title.elementor-size-xl{font-size:39px}.elementor-widget-heading .elementor-heading-title.elementor-size-xxl{font-size:59px}<\/style><h2 class=\"elementor-heading-title elementor-size-default\">Label EquuRES<\/h2>\t\t<\/div>\n\t\t\t\t<\/div>\n\t\t\t\t<div class=\"elementor-element elementor-element-c6a68eb elementor-widget elementor-widget-spacer\" data-id=\"c6a68eb\" data-element_type=\"widget\" data-widget_type=\"spacer.default\">\n\t\t\t\t<div class=\"elementor-widget-container\">\n\t\t\t\t\t<div class=\"elementor-spacer\">\n\t\t\t<div class=\"elementor-spacer-inner\"><\/div>\n\t\t<\/div>\n\t\t\t\t<\/div>\n\t\t\t\t<\/div>\n\t\t\t\t<div class=\"elementor-element elementor-element-05ec47f elementor-widget elementor-widget-image\" data-id=\"05ec47f\" data-element_type=\"widget\" data-widget_type=\"image.default\">\n\t\t\t\t<div class=\"elementor-widget-container\">\n\t\t\t<style>\/*! elementor - v3.11.0 - 13-02-2023 *\/\n.elementor-widget-image{text-align:center}.elementor-widget-image a{display:inline-block}.elementor-widget-image a img[src$=\".svg\"]{width:48px}.elementor-widget-image img{vertical-align:middle;display:inline-block}<\/style>\t\t\t\t\t\t\t\t\t\t\t\t<img loading=\"lazy\" decoding=\"async\" width=\"1600\" height=\"500\" src=\"https:\/\/courses-pompadour.fr\/wp-content\/uploads\/2026\/03\/centree.png\" class=\"attachment-full size-full wp-image-9884\" alt=\"\" srcset=\"https:\/\/courses-pompadour.fr\/wp-content\/uploads\/2026\/03\/centree.png 1600w, https:\/\/courses-pompadour.fr\/wp-content\/uploads\/2026\/03\/centree-300x94.png 300w, https:\/\/courses-pompadour.fr\/wp-content\/uploads\/2026\/03\/centree-1024x320.png 1024w, https:\/\/courses-pompadour.fr\/wp-content\/uploads\/2026\/03\/centree-768x240.png 768w, https:\/\/courses-pompadour.fr\/wp-content\/uploads\/2026\/03\/centree-1536x480.png 1536w\" sizes=\"auto, (max-width: 1600px) 100vw, 1600px\" \/>\t\t\t\t\t\t\t\t\t\t\t\t\t\t\t<\/div>\n\t\t\t\t<\/div>\n\t\t\t\t<div class=\"elementor-element elementor-element-e9f910f elementor-widget elementor-widget-spacer\" data-id=\"e9f910f\" data-element_type=\"widget\" data-widget_type=\"spacer.default\">\n\t\t\t\t<div class=\"elementor-widget-container\">\n\t\t\t\t\t<div class=\"elementor-spacer\">\n\t\t\t<div class=\"elementor-spacer-inner\"><\/div>\n\t\t<\/div>\n\t\t\t\t<\/div>\n\t\t\t\t<\/div>\n\t\t\t\t\t<\/div>\n\t\t<\/div>\n\t\t\t\t\t\t\t<\/div>\n\t\t<\/section>\n\t\t\t\t<section class=\"elementor-section elementor-top-section elementor-element elementor-element-620005c elementor-section-boxed elementor-section-height-default elementor-section-height-default qodef-elementor-content-no\" data-id=\"620005c\" data-element_type=\"section\">\n\t\t\t\t\t\t<div class=\"elementor-container elementor-column-gap-default\">\n\t\t\t\t\t<div class=\"elementor-column elementor-col-100 elementor-top-column elementor-element elementor-element-62541a5\" data-id=\"62541a5\" data-element_type=\"column\">\n\t\t\t<div class=\"elementor-widget-wrap elementor-element-populated\">\n\t\t\t\t\t\t\t\t<div class=\"elementor-element elementor-element-8d02c5b elementor-widget elementor-widget-heading\" data-id=\"8d02c5b\" data-element_type=\"widget\" data-widget_type=\"heading.default\">\n\t\t\t\t<div class=\"elementor-widget-container\">\n\t\t\t<h2 class=\"elementor-heading-title elementor-size-default\">L'Hippodrome de Pompadour engag\u00e9 pour le <br>bien-\u00eatre animal et l'environnement<\/h2>\t\t<\/div>\n\t\t\t\t<\/div>\n\t\t\t\t<div class=\"elementor-element elementor-element-d645630 elementor-widget elementor-widget-text-editor\" data-id=\"d645630\" data-element_type=\"widget\" data-widget_type=\"text-editor.default\">\n\t\t\t\t<div class=\"elementor-widget-container\">\n\t\t\t<style>\/*! elementor - v3.11.0 - 13-02-2023 *\/\n.elementor-widget-text-editor.elementor-drop-cap-view-stacked .elementor-drop-cap{background-color:#818a91;color:#fff}.elementor-widget-text-editor.elementor-drop-cap-view-framed .elementor-drop-cap{color:#818a91;border:3px solid;background-color:transparent}.elementor-widget-text-editor:not(.elementor-drop-cap-view-default) .elementor-drop-cap{margin-top:8px}.elementor-widget-text-editor:not(.elementor-drop-cap-view-default) .elementor-drop-cap-letter{width:1em;height:1em}.elementor-widget-text-editor .elementor-drop-cap{float:left;text-align:center;line-height:1;font-size:50px}.elementor-widget-text-editor .elementor-drop-cap-letter{display:inline-block}<\/style>\t\t\t\t<p class=\"mb-3 text-base leading-relaxed\">L&rsquo;Hippodrome de Pompadour est fi\u00e8rement distingu\u00e9 par le label <span class=\"font-semibold\">EquuRES Hippodrome<\/span>, une certification officielle qui valide notre engagement concret pour le bien-\u00eatre des chevaux de course et la pr\u00e9servation de notre environnement. Ce label est le premier \u00a0en France \u00e0 associer ces deux piliers essentiels au sein de la fili\u00e8re \u00e9quine.<\/p><p class=\"mb-3 text-base leading-relaxed\">En obtenant cette certification, nous d\u00e9montrons que les courses hippiques peuvent allier tradition, performance et responsabilit\u00e9 \u00e9cologique.<\/p>\t\t\t\t\t\t<\/div>\n\t\t\t\t<\/div>\n\t\t\t\t<div class=\"elementor-element elementor-element-d5e79ad elementor-widget-divider--view-line elementor-widget elementor-widget-divider\" data-id=\"d5e79ad\" data-element_type=\"widget\" data-widget_type=\"divider.default\">\n\t\t\t\t<div class=\"elementor-widget-container\">\n\t\t\t<style>\/*! elementor - v3.11.0 - 13-02-2023 *\/\n.elementor-widget-divider{--divider-border-style:none;--divider-border-width:1px;--divider-color:#2c2c2c;--divider-icon-size:20px;--divider-element-spacing:10px;--divider-pattern-height:24px;--divider-pattern-size:20px;--divider-pattern-url:none;--divider-pattern-repeat:repeat-x}.elementor-widget-divider .elementor-divider{display:flex}.elementor-widget-divider .elementor-divider__text{font-size:15px;line-height:1;max-width:95%}.elementor-widget-divider .elementor-divider__element{margin:0 var(--divider-element-spacing);flex-shrink:0}.elementor-widget-divider .elementor-icon{font-size:var(--divider-icon-size)}.elementor-widget-divider .elementor-divider-separator{display:flex;margin:0;direction:ltr}.elementor-widget-divider--view-line_icon .elementor-divider-separator,.elementor-widget-divider--view-line_text .elementor-divider-separator{align-items:center}.elementor-widget-divider--view-line_icon .elementor-divider-separator:after,.elementor-widget-divider--view-line_icon .elementor-divider-separator:before,.elementor-widget-divider--view-line_text .elementor-divider-separator:after,.elementor-widget-divider--view-line_text .elementor-divider-separator:before{display:block;content:\"\";border-bottom:0;flex-grow:1;border-top:var(--divider-border-width) var(--divider-border-style) var(--divider-color)}.elementor-widget-divider--element-align-left .elementor-divider .elementor-divider-separator>.elementor-divider__svg:first-of-type{flex-grow:0;flex-shrink:100}.elementor-widget-divider--element-align-left .elementor-divider-separator:before{content:none}.elementor-widget-divider--element-align-left .elementor-divider__element{margin-left:0}.elementor-widget-divider--element-align-right .elementor-divider .elementor-divider-separator>.elementor-divider__svg:last-of-type{flex-grow:0;flex-shrink:100}.elementor-widget-divider--element-align-right .elementor-divider-separator:after{content:none}.elementor-widget-divider--element-align-right .elementor-divider__element{margin-right:0}.elementor-widget-divider:not(.elementor-widget-divider--view-line_text):not(.elementor-widget-divider--view-line_icon) .elementor-divider-separator{border-top:var(--divider-border-width) var(--divider-border-style) var(--divider-color)}.elementor-widget-divider--separator-type-pattern{--divider-border-style:none}.elementor-widget-divider--separator-type-pattern.elementor-widget-divider--view-line .elementor-divider-separator,.elementor-widget-divider--separator-type-pattern:not(.elementor-widget-divider--view-line) .elementor-divider-separator:after,.elementor-widget-divider--separator-type-pattern:not(.elementor-widget-divider--view-line) .elementor-divider-separator:before,.elementor-widget-divider--separator-type-pattern:not([class*=elementor-widget-divider--view]) .elementor-divider-separator{width:100%;min-height:var(--divider-pattern-height);-webkit-mask-size:var(--divider-pattern-size) 100%;mask-size:var(--divider-pattern-size) 100%;-webkit-mask-repeat:var(--divider-pattern-repeat);mask-repeat:var(--divider-pattern-repeat);background-color:var(--divider-color);-webkit-mask-image:var(--divider-pattern-url);mask-image:var(--divider-pattern-url)}.elementor-widget-divider--no-spacing{--divider-pattern-size:auto}.elementor-widget-divider--bg-round{--divider-pattern-repeat:round}.rtl .elementor-widget-divider .elementor-divider__text{direction:rtl}.e-con-inner>.elementor-widget-divider,.e-con>.elementor-widget-divider{width:var(--container-widget-width,100%);--flex-grow:var(--container-widget-flex-grow)}<\/style>\t\t<div class=\"elementor-divider\">\n\t\t\t<span class=\"elementor-divider-separator\">\n\t\t\t\t\t\t<\/span>\n\t\t<\/div>\n\t\t\t\t<\/div>\n\t\t\t\t<\/div>\n\t\t\t\t<div class=\"elementor-element elementor-element-a69bc35 elementor-widget elementor-widget-text-editor\" data-id=\"a69bc35\" data-element_type=\"widget\" data-widget_type=\"text-editor.default\">\n\t\t\t\t<div class=\"elementor-widget-container\">\n\t\t\t\t\t\t\t<p class=\"mb-3 text-base leading-relaxed\"><strong><span class=\"font-semibold\">Une d\u00e9marche adapt\u00e9e \u00e0 l&rsquo;univers de la course<\/span><\/strong><\/p><p class=\"mb-3 text-base leading-relaxed\">Contrairement aux labels g\u00e9n\u00e9riques, le label <span class=\"font-semibold\">EquuRES Hippodrome<\/span> \u00e9value des crit\u00e8res pr\u00e9cis li\u00e9s \u00e0 l&rsquo;organisation des r\u00e9unions de courses. Il ne se contente pas de v\u00e9rifier la conformit\u00e9, il encourage une <span class=\"font-semibold\">am\u00e9lioration continue<\/span> de nos pratiques sur le terrain.<\/p>\t\t\t\t\t\t<\/div>\n\t\t\t\t<\/div>\n\t\t\t\t<div class=\"elementor-element elementor-element-1ed3aac elementor-widget elementor-widget-image\" data-id=\"1ed3aac\" data-element_type=\"widget\" data-widget_type=\"image.default\">\n\t\t\t\t<div class=\"elementor-widget-container\">\n\t\t\t\t\t\t\t\t\t\t\t\t\t\t\t<img loading=\"lazy\" decoding=\"async\" width=\"2560\" height=\"800\" src=\"https:\/\/courses-pompadour.fr\/wp-content\/uploads\/2026\/03\/equures.png\" class=\"attachment-full size-full wp-image-10049\" alt=\"\" srcset=\"https:\/\/courses-pompadour.fr\/wp-content\/uploads\/2026\/03\/equures.png 2560w, https:\/\/courses-pompadour.fr\/wp-content\/uploads\/2026\/03\/equures-300x94.png 300w, https:\/\/courses-pompadour.fr\/wp-content\/uploads\/2026\/03\/equures-1024x320.png 1024w, https:\/\/courses-pompadour.fr\/wp-content\/uploads\/2026\/03\/equures-768x240.png 768w, https:\/\/courses-pompadour.fr\/wp-content\/uploads\/2026\/03\/equures-1536x480.png 1536w, https:\/\/courses-pompadour.fr\/wp-content\/uploads\/2026\/03\/equures-2048x640.png 2048w\" sizes=\"auto, (max-width: 2560px) 100vw, 2560px\" \/>\t\t\t\t\t\t\t\t\t\t\t\t\t\t\t<\/div>\n\t\t\t\t<\/div>\n\t\t\t\t\t<\/div>\n\t\t<\/div>\n\t\t\t\t\t\t\t<\/div>\n\t\t<\/section>\n\t\t\t\t<section class=\"elementor-section elementor-top-section elementor-element elementor-element-d20d156 elementor-section-boxed elementor-section-height-default elementor-section-height-default qodef-elementor-content-no\" data-id=\"d20d156\" data-element_type=\"section\">\n\t\t\t\t\t\t<div class=\"elementor-container elementor-column-gap-default\">\n\t\t\t\t\t<div class=\"elementor-column elementor-col-100 elementor-top-column elementor-element elementor-element-0713d3d\" data-id=\"0713d3d\" data-element_type=\"column\">\n\t\t\t<div class=\"elementor-widget-wrap elementor-element-populated\">\n\t\t\t\t\t\t\t\t<div class=\"elementor-element elementor-element-e889c1e elementor-widget elementor-widget-heading\" data-id=\"e889c1e\" data-element_type=\"widget\" data-widget_type=\"heading.default\">\n\t\t\t\t<div class=\"elementor-widget-container\">\n\t\t\t<h2 class=\"elementor-heading-title elementor-size-default\">En savoir plus...<\/h2>\t\t<\/div>\n\t\t\t\t<\/div>\n\t\t\t\t<section class=\"elementor-section elementor-inner-section elementor-element elementor-element-051022c elementor-section-boxed elementor-section-height-default elementor-section-height-default qodef-elementor-content-no\" data-id=\"051022c\" data-element_type=\"section\">\n\t\t\t\t\t\t<div class=\"elementor-container elementor-column-gap-default\">\n\t\t\t\t\t<div class=\"elementor-column elementor-col-100 elementor-inner-column elementor-element elementor-element-73ff135\" data-id=\"73ff135\" data-element_type=\"column\">\n\t\t\t<div class=\"elementor-widget-wrap elementor-element-populated\">\n\t\t\t\t\t\t\t\t<div class=\"elementor-element elementor-element-e8bf269 elementor-widget elementor-widget-image\" data-id=\"e8bf269\" data-element_type=\"widget\" data-widget_type=\"image.default\">\n\t\t\t\t<div class=\"elementor-widget-container\">\n\t\t\t\t\t\t\t\t\t\t\t\t\t\t\t\t<a href=\"https:\/\/www.label-equures.com\" target=\"_blank\">\n\t\t\t\t\t\t\t<img loading=\"lazy\" decoding=\"async\" width=\"300\" height=\"300\" src=\"https:\/\/courses-pompadour.fr\/wp-content\/uploads\/2026\/03\/label-sticker_hippodrome-generic-300x300.png\" class=\"attachment-medium size-medium wp-image-10060\" alt=\"\" srcset=\"https:\/\/courses-pompadour.fr\/wp-content\/uploads\/2026\/03\/label-sticker_hippodrome-generic-300x300.png 300w, https:\/\/courses-pompadour.fr\/wp-content\/uploads\/2026\/03\/label-sticker_hippodrome-generic-150x150.png 150w, https:\/\/courses-pompadour.fr\/wp-content\/uploads\/2026\/03\/label-sticker_hippodrome-generic.png 400w\" sizes=\"auto, (max-width: 300px) 100vw, 300px\" \/>\t\t\t\t\t\t\t\t<\/a>\n\t\t\t\t\t\t\t\t\t\t\t\t\t\t\t<\/div>\n\t\t\t\t<\/div>\n\t\t\t\t\t<\/div>\n\t\t<\/div>\n\t\t\t\t\t\t\t<\/div>\n\t\t<\/section>\n\t\t\t\t<div class=\"elementor-element elementor-element-93eec72 elementor-widget elementor-widget-spacer\" data-id=\"93eec72\" data-element_type=\"widget\" data-widget_type=\"spacer.default\">\n\t\t\t\t<div class=\"elementor-widget-container\">\n\t\t\t\t\t<div class=\"elementor-spacer\">\n\t\t\t<div class=\"elementor-spacer-inner\"><\/div>\n\t\t<\/div>\n\t\t\t\t<\/div>\n\t\t\t\t<\/div>\n\t\t\t\t\t<\/div>\n\t\t<\/div>\n\t\t\t\t\t\t\t<\/div>\n\t\t<\/section>\n\t\t\t\t\t\t\t<\/div>\n\t\t","protected":false},"excerpt":{"rendered":"<p>Label EquuRES L&rsquo;Hippodrome de Pompadour engag\u00e9 pour le bien-\u00eatre animal et l&rsquo;environnement L&rsquo;Hippodrome de Pompadour est fi\u00e8rement distingu\u00e9 par le label EquuRES Hippodrome, une certification officielle qui valide notre engagement concret pour le bien-\u00eatre des chevaux de course et la pr\u00e9servation de notre environnement. Ce label est le premier \u00a0en France \u00e0 associer ces deux [&hellip;]<\/p>\n","protected":false},"author":1,"featured_media":0,"parent":0,"menu_order":0,"comment_status":"closed","ping_status":"closed","template":"","meta":{"footnotes":""},"class_list":["post-6373","page","type-page","status-publish","hentry"],"yoast_head":"<!-- This site is optimized with the Yoast SEO plugin v20.7 - https:\/\/yoast.com\/wordpress\/plugins\/seo\/ -->\n<title>Label EquuRES - Hippodrome de Pompadour<\/title>\n<meta name=\"robots\" content=\"index, follow, max-snippet:-1, max-image-preview:large, max-video-preview:-1\" \/>\n<link rel=\"canonical\" href=\"https:\/\/courses-pompadour.fr\/?page_id=6373\" \/>\n<meta property=\"og:locale\" content=\"fr_FR\" \/>\n<meta property=\"og:type\" content=\"article\" \/>\n<meta property=\"og:title\" content=\"Label EquuRES - Hippodrome de Pompadour\" \/>\n<meta property=\"og:description\" content=\"Label EquuRES L&rsquo;Hippodrome de Pompadour engag\u00e9 pour le bien-\u00eatre animal et l&rsquo;environnement L&rsquo;Hippodrome de Pompadour est fi\u00e8rement distingu\u00e9 par le label EquuRES Hippodrome, une certification officielle qui valide notre engagement concret pour le bien-\u00eatre des chevaux de course et la pr\u00e9servation de notre environnement. Ce label est le premier \u00a0en France \u00e0 associer ces deux [&hellip;]\" \/>\n<meta property=\"og:url\" content=\"https:\/\/courses-pompadour.fr\/?page_id=6373\" \/>\n<meta property=\"og:site_name\" content=\"Hippodrome de Pompadour\" \/>\n<meta property=\"article:publisher\" content=\"https:\/\/www.facebook.com\/coursespompadour\" \/>\n<meta property=\"article:modified_time\" content=\"2026-03-31T15:10:38+00:00\" \/>\n<meta property=\"og:image\" content=\"http:\/\/courses-pompadour.fr\/wp-content\/uploads\/2026\/03\/centree.png\" \/>\n<meta name=\"twitter:card\" content=\"summary_large_image\" \/>\n<meta name=\"twitter:site\" content=\"@HippodromePompa\" \/>\n<meta name=\"twitter:label1\" content=\"Dur\u00e9e de lecture estim\u00e9e\" \/>\n\t<meta name=\"twitter:data1\" content=\"2 minutes\" \/>\n<script type=\"application\/ld+json\" class=\"yoast-schema-graph\">{\"@context\":\"https:\/\/schema.org\",\"@graph\":[{\"@type\":\"WebPage\",\"@id\":\"https:\/\/courses-pompadour.fr\/?page_id=6373\",\"url\":\"https:\/\/courses-pompadour.fr\/?page_id=6373\",\"name\":\"Label EquuRES - Hippodrome de Pompadour\",\"isPartOf\":{\"@id\":\"https:\/\/courses-pompadour.fr\/#website\"},\"datePublished\":\"2023-02-15T08:03:55+00:00\",\"dateModified\":\"2026-03-31T15:10:38+00:00\",\"breadcrumb\":{\"@id\":\"https:\/\/courses-pompadour.fr\/?page_id=6373#breadcrumb\"},\"inLanguage\":\"fr-FR\",\"potentialAction\":[{\"@type\":\"ReadAction\",\"target\":[\"https:\/\/courses-pompadour.fr\/?page_id=6373\"]}]},{\"@type\":\"BreadcrumbList\",\"@id\":\"https:\/\/courses-pompadour.fr\/?page_id=6373#breadcrumb\",\"itemListElement\":[{\"@type\":\"ListItem\",\"position\":1,\"name\":\"Accueil\",\"item\":\"https:\/\/courses-pompadour.fr\/\"},{\"@type\":\"ListItem\",\"position\":2,\"name\":\"Label EquuRES\"}]},{\"@type\":\"WebSite\",\"@id\":\"https:\/\/courses-pompadour.fr\/#website\",\"url\":\"https:\/\/courses-pompadour.fr\/\",\"name\":\"Hippodrome de Pompadour\",\"description\":\"Bienvenue \u00e0 l&#039;hippodrome de Pompadour\",\"publisher\":{\"@id\":\"https:\/\/courses-pompadour.fr\/#organization\"},\"potentialAction\":[{\"@type\":\"SearchAction\",\"target\":{\"@type\":\"EntryPoint\",\"urlTemplate\":\"https:\/\/courses-pompadour.fr\/?s={search_term_string}\"},\"query-input\":\"required name=search_term_string\"}],\"inLanguage\":\"fr-FR\"},{\"@type\":\"Organization\",\"@id\":\"https:\/\/courses-pompadour.fr\/#organization\",\"name\":\"Hippodrome de Pompadour\",\"url\":\"https:\/\/courses-pompadour.fr\/\",\"logo\":{\"@type\":\"ImageObject\",\"inLanguage\":\"fr-FR\",\"@id\":\"https:\/\/courses-pompadour.fr\/#\/schema\/logo\/image\/\",\"url\":\"https:\/\/courses-pompadour.fr\/wp-content\/uploads\/2023\/02\/cropped-logo-transparent-1-1-1.png\",\"contentUrl\":\"https:\/\/courses-pompadour.fr\/wp-content\/uploads\/2023\/02\/cropped-logo-transparent-1-1-1.png\",\"width\":512,\"height\":512,\"caption\":\"Hippodrome de Pompadour\"},\"image\":{\"@id\":\"https:\/\/courses-pompadour.fr\/#\/schema\/logo\/image\/\"},\"sameAs\":[\"https:\/\/www.facebook.com\/coursespompadour\",\"https:\/\/twitter.com\/HippodromePompa\",\"https:\/\/www.instagram.com\/hippodromedepompadour\/\",\"https:\/\/www.linkedin.com\/in\/socit-des-courses-de-pompadour-a430ab261\/\"]}]}<\/script>\n<!-- \/ Yoast SEO plugin. -->","yoast_head_json":{"title":"Label EquuRES - Hippodrome de Pompadour","robots":{"index":"index","follow":"follow","max-snippet":"max-snippet:-1","max-image-preview":"max-image-preview:large","max-video-preview":"max-video-preview:-1"},"canonical":"https:\/\/courses-pompadour.fr\/?page_id=6373","og_locale":"fr_FR","og_type":"article","og_title":"Label EquuRES - Hippodrome de Pompadour","og_description":"Label EquuRES L&rsquo;Hippodrome de Pompadour engag\u00e9 pour le bien-\u00eatre animal et l&rsquo;environnement L&rsquo;Hippodrome de Pompadour est fi\u00e8rement distingu\u00e9 par le label EquuRES Hippodrome, une certification officielle qui valide notre engagement concret pour le bien-\u00eatre des chevaux de course et la pr\u00e9servation de notre environnement. Ce label est le premier \u00a0en France \u00e0 associer ces deux [&hellip;]","og_url":"https:\/\/courses-pompadour.fr\/?page_id=6373","og_site_name":"Hippodrome de Pompadour","article_publisher":"https:\/\/www.facebook.com\/coursespompadour","article_modified_time":"2026-03-31T15:10:38+00:00","og_image":[{"url":"http:\/\/courses-pompadour.fr\/wp-content\/uploads\/2026\/03\/centree.png"}],"twitter_card":"summary_large_image","twitter_site":"@HippodromePompa","twitter_misc":{"Dur\u00e9e de lecture estim\u00e9e":"2 minutes"},"schema":{"@context":"https:\/\/schema.org","@graph":[{"@type":"WebPage","@id":"https:\/\/courses-pompadour.fr\/?page_id=6373","url":"https:\/\/courses-pompadour.fr\/?page_id=6373","name":"Label EquuRES - Hippodrome de Pompadour","isPartOf":{"@id":"https:\/\/courses-pompadour.fr\/#website"},"datePublished":"2023-02-15T08:03:55+00:00","dateModified":"2026-03-31T15:10:38+00:00","breadcrumb":{"@id":"https:\/\/courses-pompadour.fr\/?page_id=6373#breadcrumb"},"inLanguage":"fr-FR","potentialAction":[{"@type":"ReadAction","target":["https:\/\/courses-pompadour.fr\/?page_id=6373"]}]},{"@type":"BreadcrumbList","@id":"https:\/\/courses-pompadour.fr\/?page_id=6373#breadcrumb","itemListElement":[{"@type":"ListItem","position":1,"name":"Accueil","item":"https:\/\/courses-pompadour.fr\/"},{"@type":"ListItem","position":2,"name":"Label EquuRES"}]},{"@type":"WebSite","@id":"https:\/\/courses-pompadour.fr\/#website","url":"https:\/\/courses-pompadour.fr\/","name":"Hippodrome de Pompadour","description":"Bienvenue \u00e0 l&#039;hippodrome de Pompadour","publisher":{"@id":"https:\/\/courses-pompadour.fr\/#organization"},"potentialAction":[{"@type":"SearchAction","target":{"@type":"EntryPoint","urlTemplate":"https:\/\/courses-pompadour.fr\/?s={search_term_string}"},"query-input":"required name=search_term_string"}],"inLanguage":"fr-FR"},{"@type":"Organization","@id":"https:\/\/courses-pompadour.fr\/#organization","name":"Hippodrome de Pompadour","url":"https:\/\/courses-pompadour.fr\/","logo":{"@type":"ImageObject","inLanguage":"fr-FR","@id":"https:\/\/courses-pompadour.fr\/#\/schema\/logo\/image\/","url":"https:\/\/courses-pompadour.fr\/wp-content\/uploads\/2023\/02\/cropped-logo-transparent-1-1-1.png","contentUrl":"https:\/\/courses-pompadour.fr\/wp-content\/uploads\/2023\/02\/cropped-logo-transparent-1-1-1.png","width":512,"height":512,"caption":"Hippodrome de Pompadour"},"image":{"@id":"https:\/\/courses-pompadour.fr\/#\/schema\/logo\/image\/"},"sameAs":["https:\/\/www.facebook.com\/coursespompadour","https:\/\/twitter.com\/HippodromePompa","https:\/\/www.instagram.com\/hippodromedepompadour\/","https:\/\/www.linkedin.com\/in\/socit-des-courses-de-pompadour-a430ab261\/"]}]}},"_links":{"self":[{"href":"https:\/\/courses-pompadour.fr\/index.php?rest_route=\/wp\/v2\/pages\/6373","targetHints":{"allow":["GET"]}}],"collection":[{"href":"https:\/\/courses-pompadour.fr\/index.php?rest_route=\/wp\/v2\/pages"}],"about":[{"href":"https:\/\/courses-pompadour.fr\/index.php?rest_route=\/wp\/v2\/types\/page"}],"author":[{"embeddable":true,"href":"https:\/\/courses-pompadour.fr\/index.php?rest_route=\/wp\/v2\/users\/1"}],"replies":[{"embeddable":true,"href":"https:\/\/courses-pompadour.fr\/index.php?rest_route=%2Fwp%2Fv2%2Fcomments&post=6373"}],"version-history":[{"count":83,"href":"https:\/\/courses-pompadour.fr\/index.php?rest_route=\/wp\/v2\/pages\/6373\/revisions"}],"predecessor-version":[{"id":10063,"href":"https:\/\/courses-pompadour.fr\/index.php?rest_route=\/wp\/v2\/pages\/6373\/revisions\/10063"}],"wp:attachment":[{"href":"https:\/\/courses-pompadour.fr\/index.php?rest_route=%2Fwp%2Fv2%2Fmedia&parent=6373"}],"curies":[{"name":"wp","href":"https:\/\/api.w.org\/{rel}","templated":true}]}}