{"id":6392,"date":"2023-02-15T09:09:13","date_gmt":"2023-02-15T08:09:13","guid":{"rendered":"https:\/\/courses-pompadour.fr\/?page_id=6392"},"modified":"2026-03-31T14:25:01","modified_gmt":"2026-03-31T12:25:01","slug":"restauration","status":"publish","type":"page","link":"https:\/\/courses-pompadour.fr\/?page_id=6392","title":{"rendered":"Restauration"},"content":{"rendered":"\t\t<div data-elementor-type=\"wp-page\" data-elementor-id=\"6392\" class=\"elementor elementor-6392\">\n\t\t\t\t\t\t\t\t\t<section class=\"elementor-section elementor-top-section elementor-element elementor-element-b576818 elementor-section-boxed elementor-section-height-default elementor-section-height-default qodef-elementor-content-no\" data-id=\"b576818\" data-element_type=\"section\">\n\t\t\t\t\t\t<div class=\"elementor-container elementor-column-gap-default\">\n\t\t\t\t\t<div class=\"elementor-column elementor-col-100 elementor-top-column elementor-element elementor-element-aa4f9c2\" data-id=\"aa4f9c2\" data-element_type=\"column\">\n\t\t\t<div class=\"elementor-widget-wrap elementor-element-populated\">\n\t\t\t\t\t\t\t\t<div class=\"elementor-element elementor-element-bdd8e3f elementor-widget elementor-widget-spacer\" data-id=\"bdd8e3f\" data-element_type=\"widget\" data-widget_type=\"spacer.default\">\n\t\t\t\t<div class=\"elementor-widget-container\">\n\t\t\t<style>\/*! elementor - v3.11.0 - 13-02-2023 *\/\n.elementor-column .elementor-spacer-inner{height:var(--spacer-size)}.e-con{--container-widget-width:100%}.e-con-inner>.elementor-widget-spacer,.e-con>.elementor-widget-spacer{width:var(--container-widget-width,var(--spacer-size));--align-self:var(--container-widget-align-self,initial);--flex-shrink:0}.e-con-inner>.elementor-widget-spacer>.elementor-widget-container,.e-con-inner>.elementor-widget-spacer>.elementor-widget-container>.elementor-spacer,.e-con>.elementor-widget-spacer>.elementor-widget-container,.e-con>.elementor-widget-spacer>.elementor-widget-container>.elementor-spacer{height:100%}.e-con-inner>.elementor-widget-spacer>.elementor-widget-container>.elementor-spacer>.elementor-spacer-inner,.e-con>.elementor-widget-spacer>.elementor-widget-container>.elementor-spacer>.elementor-spacer-inner{height:var(--container-widget-height,var(--spacer-size))}<\/style>\t\t<div class=\"elementor-spacer\">\n\t\t\t<div class=\"elementor-spacer-inner\"><\/div>\n\t\t<\/div>\n\t\t\t\t<\/div>\n\t\t\t\t<\/div>\n\t\t\t\t\t<\/div>\n\t\t<\/div>\n\t\t\t\t\t\t\t<\/div>\n\t\t<\/section>\n\t\t\t\t<section class=\"elementor-section elementor-top-section elementor-element elementor-element-3ec0c9d elementor-section-boxed elementor-section-height-default elementor-section-height-default qodef-elementor-content-no\" data-id=\"3ec0c9d\" data-element_type=\"section\">\n\t\t\t\t\t\t<div class=\"elementor-container elementor-column-gap-default\">\n\t\t\t\t\t<div class=\"elementor-column elementor-col-100 elementor-top-column elementor-element elementor-element-4df9f54\" data-id=\"4df9f54\" data-element_type=\"column\">\n\t\t\t<div class=\"elementor-widget-wrap elementor-element-populated\">\n\t\t\t\t\t\t\t\t<div class=\"elementor-element elementor-element-afad129 elementor-widget elementor-widget-heading\" data-id=\"afad129\" data-element_type=\"widget\" data-widget_type=\"heading.default\">\n\t\t\t\t<div class=\"elementor-widget-container\">\n\t\t\t<style>\/*! elementor - v3.11.0 - 13-02-2023 *\/\n.elementor-heading-title{padding:0;margin:0;line-height:1}.elementor-widget-heading .elementor-heading-title[class*=elementor-size-]>a{color:inherit;font-size:inherit;line-height:inherit}.elementor-widget-heading .elementor-heading-title.elementor-size-small{font-size:15px}.elementor-widget-heading .elementor-heading-title.elementor-size-medium{font-size:19px}.elementor-widget-heading .elementor-heading-title.elementor-size-large{font-size:29px}.elementor-widget-heading .elementor-heading-title.elementor-size-xl{font-size:39px}.elementor-widget-heading .elementor-heading-title.elementor-size-xxl{font-size:59px}<\/style><h2 class=\"elementor-heading-title elementor-size-default\">Restauration<\/h2>\t\t<\/div>\n\t\t\t\t<\/div>\n\t\t\t\t<div class=\"elementor-element elementor-element-5335f4f elementor-widget__width-inherit elementor-widget elementor-widget-image\" data-id=\"5335f4f\" data-element_type=\"widget\" data-widget_type=\"image.default\">\n\t\t\t\t<div class=\"elementor-widget-container\">\n\t\t\t<style>\/*! elementor - v3.11.0 - 13-02-2023 *\/\n.elementor-widget-image{text-align:center}.elementor-widget-image a{display:inline-block}.elementor-widget-image a img[src$=\".svg\"]{width:48px}.elementor-widget-image img{vertical-align:middle;display:inline-block}<\/style>\t\t\t\t\t\t\t\t\t\t\t\t<img loading=\"lazy\" decoding=\"async\" width=\"2560\" height=\"800\" src=\"https:\/\/courses-pompadour.fr\/wp-content\/uploads\/2026\/03\/fouletribune.png\" class=\"attachment-full size-full wp-image-9801\" alt=\"\" srcset=\"https:\/\/courses-pompadour.fr\/wp-content\/uploads\/2026\/03\/fouletribune.png 2560w, https:\/\/courses-pompadour.fr\/wp-content\/uploads\/2026\/03\/fouletribune-300x94.png 300w, https:\/\/courses-pompadour.fr\/wp-content\/uploads\/2026\/03\/fouletribune-1024x320.png 1024w, https:\/\/courses-pompadour.fr\/wp-content\/uploads\/2026\/03\/fouletribune-768x240.png 768w, https:\/\/courses-pompadour.fr\/wp-content\/uploads\/2026\/03\/fouletribune-1536x480.png 1536w, https:\/\/courses-pompadour.fr\/wp-content\/uploads\/2026\/03\/fouletribune-2048x640.png 2048w\" sizes=\"auto, (max-width: 2560px) 100vw, 2560px\" \/>\t\t\t\t\t\t\t\t\t\t\t\t\t\t\t<\/div>\n\t\t\t\t<\/div>\n\t\t\t\t<div class=\"elementor-element elementor-element-db2ae08 elementor-widget elementor-widget-heading\" data-id=\"db2ae08\" data-element_type=\"widget\" data-widget_type=\"heading.default\">\n\t\t\t\t<div class=\"elementor-widget-container\">\n\t\t\t<h2 class=\"elementor-heading-title elementor-size-default\">Restaurant panoramique<\/h2>\t\t<\/div>\n\t\t\t\t<\/div>\n\t\t\t\t\t<\/div>\n\t\t<\/div>\n\t\t\t\t\t\t\t<\/div>\n\t\t<\/section>\n\t\t\t\t<section class=\"elementor-section elementor-top-section elementor-element elementor-element-320245b elementor-section-boxed elementor-section-height-default elementor-section-height-default qodef-elementor-content-no\" data-id=\"320245b\" data-element_type=\"section\">\n\t\t\t\t\t\t<div class=\"elementor-container elementor-column-gap-default\">\n\t\t\t\t\t<div class=\"elementor-column elementor-col-50 elementor-top-column elementor-element elementor-element-d29b97c\" data-id=\"d29b97c\" data-element_type=\"column\">\n\t\t\t<div class=\"elementor-widget-wrap elementor-element-populated\">\n\t\t\t\t\t\t\t\t<div class=\"elementor-element elementor-element-aa14729 elementor-widget elementor-widget-heading\" data-id=\"aa14729\" data-element_type=\"widget\" data-widget_type=\"heading.default\">\n\t\t\t\t<div class=\"elementor-widget-container\">\n\t\t\t<h2 class=\"elementor-heading-title elementor-size-default\">R\u00e9servez votre table <\/h2>\t\t<\/div>\n\t\t\t\t<\/div>\n\t\t\t\t<div class=\"elementor-element elementor-element-02cf61f elementor-widget elementor-widget-text-editor\" data-id=\"02cf61f\" data-element_type=\"widget\" data-widget_type=\"text-editor.default\">\n\t\t\t\t<div class=\"elementor-widget-container\">\n\t\t\t<style>\/*! elementor - v3.11.0 - 13-02-2023 *\/\n.elementor-widget-text-editor.elementor-drop-cap-view-stacked .elementor-drop-cap{background-color:#818a91;color:#fff}.elementor-widget-text-editor.elementor-drop-cap-view-framed .elementor-drop-cap{color:#818a91;border:3px solid;background-color:transparent}.elementor-widget-text-editor:not(.elementor-drop-cap-view-default) .elementor-drop-cap{margin-top:8px}.elementor-widget-text-editor:not(.elementor-drop-cap-view-default) .elementor-drop-cap-letter{width:1em;height:1em}.elementor-widget-text-editor .elementor-drop-cap{float:left;text-align:center;line-height:1;font-size:50px}.elementor-widget-text-editor .elementor-drop-cap-letter{display:inline-block}<\/style>\t\t\t\t<p>R\u00e9servation au 05.55.73.33.64<\/p>\t\t\t\t\t\t<\/div>\n\t\t\t\t<\/div>\n\t\t\t\t<div class=\"elementor-element elementor-element-9bce702 elementor-widget elementor-widget-text-editor\" data-id=\"9bce702\" data-element_type=\"widget\" data-widget_type=\"text-editor.default\">\n\t\t\t\t<div class=\"elementor-widget-container\">\n\t\t\t\t\t\t\t\t\t\t\t\t\t<\/div>\n\t\t\t\t<\/div>\n\t\t\t\t\t<\/div>\n\t\t<\/div>\n\t\t\t\t<div class=\"elementor-column elementor-col-50 elementor-top-column elementor-element elementor-element-e3da2dd\" data-id=\"e3da2dd\" data-element_type=\"column\">\n\t\t\t<div class=\"elementor-widget-wrap elementor-element-populated\">\n\t\t\t\t\t\t\t\t<div class=\"elementor-element elementor-element-9bb1f29 elementor-widget elementor-widget-text-editor\" data-id=\"9bb1f29\" data-element_type=\"widget\" data-widget_type=\"text-editor.default\">\n\t\t\t\t<div class=\"elementor-widget-container\">\n\t\t\t\t\t\t\t<p>Vous souhaitez \u00e9merveiller vos papilles tout en profitant d&rsquo;une vue imprenable sur l&rsquo;hippodrome et sur le ch\u00e2teau ?\u00a0<\/p><p>Toute l&rsquo;\u00e9quipe de Chignaguet Traiteur sera \u00e0 vos petits soins pour vous proposer un menu gourmand et gourmet\u00a0r\u00e9alis\u00e9 avec des produits locaux.<\/p><p>Le restaurant panoramique est \u00e9galement privatisable le reste de l\u2019ann\u00e9e pour vos \u00e9v\u00e9nements. Contact\u00a0: <a href=\"mailto:hippodromepompadour@gmail.com\">hippodromepompadour@gmail.com<\/a><\/p><p>\u00a0<\/p>\t\t\t\t\t\t<\/div>\n\t\t\t\t<\/div>\n\t\t\t\t\t<\/div>\n\t\t<\/div>\n\t\t\t\t\t\t\t<\/div>\n\t\t<\/section>\n\t\t\t\t<section class=\"elementor-section elementor-top-section elementor-element elementor-element-421ed11 elementor-section-boxed elementor-section-height-default elementor-section-height-default qodef-elementor-content-no\" data-id=\"421ed11\" data-element_type=\"section\">\n\t\t\t\t\t\t<div class=\"elementor-container elementor-column-gap-default\">\n\t\t\t\t\t<div class=\"elementor-column elementor-col-100 elementor-top-column elementor-element elementor-element-cc6df25\" data-id=\"cc6df25\" data-element_type=\"column\">\n\t\t\t<div class=\"elementor-widget-wrap elementor-element-populated\">\n\t\t\t\t\t\t\t\t<div class=\"elementor-element elementor-element-732493f elementor-widget elementor-widget-heading\" data-id=\"732493f\" data-element_type=\"widget\" data-widget_type=\"heading.default\">\n\t\t\t\t<div class=\"elementor-widget-container\">\n\t\t\t<h2 class=\"elementor-heading-title elementor-size-default\"><font face=\"Amatic SC, sans-serif\"><span style=\"font-size: 55px; letter-spacing: 1.8px;\"><b>Food trucks et buvette<\/b><\/span><\/font><\/h2>\t\t<\/div>\n\t\t\t\t<\/div>\n\t\t\t\t\t<\/div>\n\t\t<\/div>\n\t\t\t\t\t\t\t<\/div>\n\t\t<\/section>\n\t\t\t\t<section class=\"elementor-section elementor-top-section elementor-element elementor-element-500b5e4 elementor-section-boxed elementor-section-height-default elementor-section-height-default qodef-elementor-content-no\" data-id=\"500b5e4\" data-element_type=\"section\" data-settings=\"{&quot;background_background&quot;:&quot;classic&quot;}\">\n\t\t\t\t\t\t<div class=\"elementor-container elementor-column-gap-default\">\n\t\t\t\t\t<div class=\"elementor-column elementor-col-33 elementor-top-column elementor-element elementor-element-9585dfd\" data-id=\"9585dfd\" data-element_type=\"column\">\n\t\t\t<div class=\"elementor-widget-wrap elementor-element-populated\">\n\t\t\t\t\t\t\t\t<div class=\"elementor-element elementor-element-ac4217f elementor-widget elementor-widget-image\" data-id=\"ac4217f\" data-element_type=\"widget\" data-widget_type=\"image.default\">\n\t\t\t\t<div class=\"elementor-widget-container\">\n\t\t\t\t\t\t\t\t\t\t\t\t\t\t\t<img loading=\"lazy\" decoding=\"async\" width=\"1512\" height=\"550\" src=\"https:\/\/courses-pompadour.fr\/wp-content\/uploads\/2023\/04\/la_ferme_des_parettes_7.jpg\" class=\"attachment-full size-full wp-image-7807\" alt=\"\" srcset=\"https:\/\/courses-pompadour.fr\/wp-content\/uploads\/2023\/04\/la_ferme_des_parettes_7.jpg 1512w, https:\/\/courses-pompadour.fr\/wp-content\/uploads\/2023\/04\/la_ferme_des_parettes_7-300x109.jpg 300w, https:\/\/courses-pompadour.fr\/wp-content\/uploads\/2023\/04\/la_ferme_des_parettes_7-1024x372.jpg 1024w, https:\/\/courses-pompadour.fr\/wp-content\/uploads\/2023\/04\/la_ferme_des_parettes_7-768x279.jpg 768w\" sizes=\"auto, (max-width: 1512px) 100vw, 1512px\" \/>\t\t\t\t\t\t\t\t\t\t\t\t\t\t\t<\/div>\n\t\t\t\t<\/div>\n\t\t\t\t\t<\/div>\n\t\t<\/div>\n\t\t\t\t<div class=\"elementor-column elementor-col-66 elementor-top-column elementor-element elementor-element-7c1b820\" data-id=\"7c1b820\" data-element_type=\"column\">\n\t\t\t<div class=\"elementor-widget-wrap elementor-element-populated\">\n\t\t\t\t\t\t\t\t<div class=\"elementor-element elementor-element-126ad4a elementor-widget elementor-widget-text-editor\" data-id=\"126ad4a\" data-element_type=\"widget\" data-widget_type=\"text-editor.default\">\n\t\t\t\t<div class=\"elementor-widget-container\">\n\t\t\t\t\t\t\t<p>Vous aurez la possibilit\u00e9 de vous restaurer aupr\u00e8s de nos buvettes install\u00e9es autour de l&rsquo;hippodrome. Il sera aussi possible de d\u00e9couvrir les douceurs propos\u00e9es par nos exposants. Glaces, bonbons et boissons fraiches sauront vous substanter au cours des journ\u00e9es de courses !<\/p>\t\t\t\t\t\t<\/div>\n\t\t\t\t<\/div>\n\t\t\t\t\t<\/div>\n\t\t<\/div>\n\t\t\t\t\t\t\t<\/div>\n\t\t<\/section>\n\t\t\t\t\t\t\t<\/div>\n\t\t","protected":false},"excerpt":{"rendered":"<p>Restauration Restaurant panoramique R\u00e9servez votre table R\u00e9servation au 05.55.73.33.64 Vous souhaitez \u00e9merveiller vos papilles tout en profitant d&rsquo;une vue imprenable sur l&rsquo;hippodrome et sur le ch\u00e2teau ?\u00a0 Toute l&rsquo;\u00e9quipe de Chignaguet Traiteur sera \u00e0 vos petits soins pour vous proposer un menu gourmand et gourmet\u00a0r\u00e9alis\u00e9 avec des produits locaux. Le restaurant panoramique est \u00e9galement privatisable [&hellip;]<\/p>\n","protected":false},"author":1,"featured_media":0,"parent":0,"menu_order":0,"comment_status":"closed","ping_status":"closed","template":"","meta":{"footnotes":""},"class_list":["post-6392","page","type-page","status-publish","hentry"],"yoast_head":"<!-- This site is optimized with the Yoast SEO plugin v20.7 - https:\/\/yoast.com\/wordpress\/plugins\/seo\/ -->\n<title>Restauration - Hippodrome de Pompadour<\/title>\n<meta name=\"robots\" content=\"index, follow, max-snippet:-1, max-image-preview:large, max-video-preview:-1\" \/>\n<link rel=\"canonical\" href=\"https:\/\/courses-pompadour.fr\/?page_id=6392\" \/>\n<meta property=\"og:locale\" content=\"fr_FR\" \/>\n<meta property=\"og:type\" content=\"article\" \/>\n<meta property=\"og:title\" content=\"Restauration - Hippodrome de Pompadour\" \/>\n<meta property=\"og:description\" content=\"Restauration Restaurant panoramique R\u00e9servez votre table R\u00e9servation au 05.55.73.33.64 Vous souhaitez \u00e9merveiller vos papilles tout en profitant d&rsquo;une vue imprenable sur l&rsquo;hippodrome et sur le ch\u00e2teau ?\u00a0 Toute l&rsquo;\u00e9quipe de Chignaguet Traiteur sera \u00e0 vos petits soins pour vous proposer un menu gourmand et gourmet\u00a0r\u00e9alis\u00e9 avec des produits locaux. Le restaurant panoramique est \u00e9galement privatisable [&hellip;]\" \/>\n<meta property=\"og:url\" content=\"https:\/\/courses-pompadour.fr\/?page_id=6392\" \/>\n<meta property=\"og:site_name\" content=\"Hippodrome de Pompadour\" \/>\n<meta property=\"article:publisher\" content=\"https:\/\/www.facebook.com\/coursespompadour\" \/>\n<meta property=\"article:modified_time\" content=\"2026-03-31T12:25:01+00:00\" \/>\n<meta property=\"og:image\" content=\"http:\/\/courses-pompadour.fr\/wp-content\/uploads\/2026\/03\/fouletribune.png\" \/>\n<meta name=\"twitter:card\" content=\"summary_large_image\" \/>\n<meta name=\"twitter:site\" content=\"@HippodromePompa\" \/>\n<meta name=\"twitter:label1\" content=\"Dur\u00e9e de lecture estim\u00e9e\" \/>\n\t<meta name=\"twitter:data1\" content=\"1 minute\" \/>\n<script type=\"application\/ld+json\" class=\"yoast-schema-graph\">{\"@context\":\"https:\/\/schema.org\",\"@graph\":[{\"@type\":\"WebPage\",\"@id\":\"https:\/\/courses-pompadour.fr\/?page_id=6392\",\"url\":\"https:\/\/courses-pompadour.fr\/?page_id=6392\",\"name\":\"Restauration - Hippodrome de Pompadour\",\"isPartOf\":{\"@id\":\"https:\/\/courses-pompadour.fr\/#website\"},\"datePublished\":\"2023-02-15T08:09:13+00:00\",\"dateModified\":\"2026-03-31T12:25:01+00:00\",\"breadcrumb\":{\"@id\":\"https:\/\/courses-pompadour.fr\/?page_id=6392#breadcrumb\"},\"inLanguage\":\"fr-FR\",\"potentialAction\":[{\"@type\":\"ReadAction\",\"target\":[\"https:\/\/courses-pompadour.fr\/?page_id=6392\"]}]},{\"@type\":\"BreadcrumbList\",\"@id\":\"https:\/\/courses-pompadour.fr\/?page_id=6392#breadcrumb\",\"itemListElement\":[{\"@type\":\"ListItem\",\"position\":1,\"name\":\"Accueil\",\"item\":\"https:\/\/courses-pompadour.fr\/\"},{\"@type\":\"ListItem\",\"position\":2,\"name\":\"Restauration\"}]},{\"@type\":\"WebSite\",\"@id\":\"https:\/\/courses-pompadour.fr\/#website\",\"url\":\"https:\/\/courses-pompadour.fr\/\",\"name\":\"Hippodrome de Pompadour\",\"description\":\"Bienvenue \u00e0 l&#039;hippodrome de Pompadour\",\"publisher\":{\"@id\":\"https:\/\/courses-pompadour.fr\/#organization\"},\"potentialAction\":[{\"@type\":\"SearchAction\",\"target\":{\"@type\":\"EntryPoint\",\"urlTemplate\":\"https:\/\/courses-pompadour.fr\/?s={search_term_string}\"},\"query-input\":\"required name=search_term_string\"}],\"inLanguage\":\"fr-FR\"},{\"@type\":\"Organization\",\"@id\":\"https:\/\/courses-pompadour.fr\/#organization\",\"name\":\"Hippodrome de Pompadour\",\"url\":\"https:\/\/courses-pompadour.fr\/\",\"logo\":{\"@type\":\"ImageObject\",\"inLanguage\":\"fr-FR\",\"@id\":\"https:\/\/courses-pompadour.fr\/#\/schema\/logo\/image\/\",\"url\":\"https:\/\/courses-pompadour.fr\/wp-content\/uploads\/2023\/02\/cropped-logo-transparent-1-1-1.png\",\"contentUrl\":\"https:\/\/courses-pompadour.fr\/wp-content\/uploads\/2023\/02\/cropped-logo-transparent-1-1-1.png\",\"width\":512,\"height\":512,\"caption\":\"Hippodrome de Pompadour\"},\"image\":{\"@id\":\"https:\/\/courses-pompadour.fr\/#\/schema\/logo\/image\/\"},\"sameAs\":[\"https:\/\/www.facebook.com\/coursespompadour\",\"https:\/\/twitter.com\/HippodromePompa\",\"https:\/\/www.instagram.com\/hippodromedepompadour\/\",\"https:\/\/www.linkedin.com\/in\/socit-des-courses-de-pompadour-a430ab261\/\"]}]}<\/script>\n<!-- \/ Yoast SEO plugin. -->","yoast_head_json":{"title":"Restauration - Hippodrome de Pompadour","robots":{"index":"index","follow":"follow","max-snippet":"max-snippet:-1","max-image-preview":"max-image-preview:large","max-video-preview":"max-video-preview:-1"},"canonical":"https:\/\/courses-pompadour.fr\/?page_id=6392","og_locale":"fr_FR","og_type":"article","og_title":"Restauration - Hippodrome de Pompadour","og_description":"Restauration Restaurant panoramique R\u00e9servez votre table R\u00e9servation au 05.55.73.33.64 Vous souhaitez \u00e9merveiller vos papilles tout en profitant d&rsquo;une vue imprenable sur l&rsquo;hippodrome et sur le ch\u00e2teau ?\u00a0 Toute l&rsquo;\u00e9quipe de Chignaguet Traiteur sera \u00e0 vos petits soins pour vous proposer un menu gourmand et gourmet\u00a0r\u00e9alis\u00e9 avec des produits locaux. Le restaurant panoramique est \u00e9galement privatisable [&hellip;]","og_url":"https:\/\/courses-pompadour.fr\/?page_id=6392","og_site_name":"Hippodrome de Pompadour","article_publisher":"https:\/\/www.facebook.com\/coursespompadour","article_modified_time":"2026-03-31T12:25:01+00:00","og_image":[{"url":"http:\/\/courses-pompadour.fr\/wp-content\/uploads\/2026\/03\/fouletribune.png"}],"twitter_card":"summary_large_image","twitter_site":"@HippodromePompa","twitter_misc":{"Dur\u00e9e de lecture estim\u00e9e":"1 minute"},"schema":{"@context":"https:\/\/schema.org","@graph":[{"@type":"WebPage","@id":"https:\/\/courses-pompadour.fr\/?page_id=6392","url":"https:\/\/courses-pompadour.fr\/?page_id=6392","name":"Restauration - Hippodrome de Pompadour","isPartOf":{"@id":"https:\/\/courses-pompadour.fr\/#website"},"datePublished":"2023-02-15T08:09:13+00:00","dateModified":"2026-03-31T12:25:01+00:00","breadcrumb":{"@id":"https:\/\/courses-pompadour.fr\/?page_id=6392#breadcrumb"},"inLanguage":"fr-FR","potentialAction":[{"@type":"ReadAction","target":["https:\/\/courses-pompadour.fr\/?page_id=6392"]}]},{"@type":"BreadcrumbList","@id":"https:\/\/courses-pompadour.fr\/?page_id=6392#breadcrumb","itemListElement":[{"@type":"ListItem","position":1,"name":"Accueil","item":"https:\/\/courses-pompadour.fr\/"},{"@type":"ListItem","position":2,"name":"Restauration"}]},{"@type":"WebSite","@id":"https:\/\/courses-pompadour.fr\/#website","url":"https:\/\/courses-pompadour.fr\/","name":"Hippodrome de Pompadour","description":"Bienvenue \u00e0 l&#039;hippodrome de Pompadour","publisher":{"@id":"https:\/\/courses-pompadour.fr\/#organization"},"potentialAction":[{"@type":"SearchAction","target":{"@type":"EntryPoint","urlTemplate":"https:\/\/courses-pompadour.fr\/?s={search_term_string}"},"query-input":"required name=search_term_string"}],"inLanguage":"fr-FR"},{"@type":"Organization","@id":"https:\/\/courses-pompadour.fr\/#organization","name":"Hippodrome de Pompadour","url":"https:\/\/courses-pompadour.fr\/","logo":{"@type":"ImageObject","inLanguage":"fr-FR","@id":"https:\/\/courses-pompadour.fr\/#\/schema\/logo\/image\/","url":"https:\/\/courses-pompadour.fr\/wp-content\/uploads\/2023\/02\/cropped-logo-transparent-1-1-1.png","contentUrl":"https:\/\/courses-pompadour.fr\/wp-content\/uploads\/2023\/02\/cropped-logo-transparent-1-1-1.png","width":512,"height":512,"caption":"Hippodrome de Pompadour"},"image":{"@id":"https:\/\/courses-pompadour.fr\/#\/schema\/logo\/image\/"},"sameAs":["https:\/\/www.facebook.com\/coursespompadour","https:\/\/twitter.com\/HippodromePompa","https:\/\/www.instagram.com\/hippodromedepompadour\/","https:\/\/www.linkedin.com\/in\/socit-des-courses-de-pompadour-a430ab261\/"]}]}},"_links":{"self":[{"href":"https:\/\/courses-pompadour.fr\/index.php?rest_route=\/wp\/v2\/pages\/6392","targetHints":{"allow":["GET"]}}],"collection":[{"href":"https:\/\/courses-pompadour.fr\/index.php?rest_route=\/wp\/v2\/pages"}],"about":[{"href":"https:\/\/courses-pompadour.fr\/index.php?rest_route=\/wp\/v2\/types\/page"}],"author":[{"embeddable":true,"href":"https:\/\/courses-pompadour.fr\/index.php?rest_route=\/wp\/v2\/users\/1"}],"replies":[{"embeddable":true,"href":"https:\/\/courses-pompadour.fr\/index.php?rest_route=%2Fwp%2Fv2%2Fcomments&post=6392"}],"version-history":[{"count":61,"href":"https:\/\/courses-pompadour.fr\/index.php?rest_route=\/wp\/v2\/pages\/6392\/revisions"}],"predecessor-version":[{"id":9933,"href":"https:\/\/courses-pompadour.fr\/index.php?rest_route=\/wp\/v2\/pages\/6392\/revisions\/9933"}],"wp:attachment":[{"href":"https:\/\/courses-pompadour.fr\/index.php?rest_route=%2Fwp%2Fv2%2Fmedia&parent=6392"}],"curies":[{"name":"wp","href":"https:\/\/api.w.org\/{rel}","templated":true}]}}