{"id":6394,"date":"2023-02-15T09:09:29","date_gmt":"2023-02-15T08:09:29","guid":{"rendered":"https:\/\/courses-pompadour.fr\/?page_id=6394"},"modified":"2023-02-16T17:06:21","modified_gmt":"2023-02-16T16:06:21","slug":"hebergements","status":"publish","type":"page","link":"https:\/\/courses-pompadour.fr\/?page_id=6394","title":{"rendered":"H\u00e9bergements"},"content":{"rendered":"\t\t<div data-elementor-type=\"wp-page\" data-elementor-id=\"6394\" class=\"elementor elementor-6394\">\n\t\t\t\t\t\t\t\t\t<section class=\"elementor-section elementor-top-section elementor-element elementor-element-0370b27 elementor-section-boxed elementor-section-height-default elementor-section-height-default qodef-elementor-content-no\" data-id=\"0370b27\" data-element_type=\"section\">\n\t\t\t\t\t\t<div class=\"elementor-container elementor-column-gap-default\">\n\t\t\t\t\t<div class=\"elementor-column elementor-col-100 elementor-top-column elementor-element elementor-element-0193258\" data-id=\"0193258\" data-element_type=\"column\">\n\t\t\t<div class=\"elementor-widget-wrap elementor-element-populated\">\n\t\t\t\t\t\t\t\t<div class=\"elementor-element elementor-element-d6a0a81 elementor--h-position-center elementor--v-position-middle elementor-arrows-position-inside elementor-pagination-position-inside elementor-widget elementor-widget-slides\" data-id=\"d6a0a81\" data-element_type=\"widget\" data-settings=\"{&quot;navigation&quot;:&quot;both&quot;,&quot;autoplay&quot;:&quot;yes&quot;,&quot;pause_on_hover&quot;:&quot;yes&quot;,&quot;pause_on_interaction&quot;:&quot;yes&quot;,&quot;autoplay_speed&quot;:5000,&quot;infinite&quot;:&quot;yes&quot;,&quot;transition&quot;:&quot;slide&quot;,&quot;transition_speed&quot;:500}\" data-widget_type=\"slides.default\">\n\t\t\t\t<div class=\"elementor-widget-container\">\n\t\t\t<style>\/*! pro-elements - v3.8.0 - 30-10-2022 *\/\n.elementor-slides .swiper-slide-bg{background-size:cover;background-position:50%;background-repeat:no-repeat;min-width:100%;min-height:100%}.elementor-slides .swiper-slide-inner{background-repeat:no-repeat;background-position:50%;position:absolute;top:0;left:0;bottom:0;right:0;padding:50px;margin:auto}.elementor-slides .swiper-slide-inner,.elementor-slides .swiper-slide-inner:hover{color:#fff;display:-webkit-box;display:-ms-flexbox;display:flex}.elementor-slides .swiper-slide-inner .elementor-background-overlay{position:absolute;z-index:0;top:0;bottom:0;left:0;right:0}.elementor-slides .swiper-slide-inner .elementor-slide-content{position:relative;z-index:1;width:100%}.elementor-slides .swiper-slide-inner .elementor-slide-heading{font-size:35px;font-weight:700;line-height:1}.elementor-slides .swiper-slide-inner .elementor-slide-description{font-size:17px;line-height:1.4}.elementor-slides .swiper-slide-inner .elementor-slide-description:not(:last-child),.elementor-slides .swiper-slide-inner .elementor-slide-heading:not(:last-child){margin-bottom:30px}.elementor-slides .swiper-slide-inner .elementor-slide-button{border:2px solid #fff;color:#fff;background:transparent;display:inline-block}.elementor-slides .swiper-slide-inner .elementor-slide-button,.elementor-slides .swiper-slide-inner .elementor-slide-button:hover{background:transparent;color:inherit;text-decoration:none}.elementor--v-position-top .swiper-slide-inner{-webkit-box-align:start;-ms-flex-align:start;align-items:flex-start}.elementor--v-position-bottom .swiper-slide-inner{-webkit-box-align:end;-ms-flex-align:end;align-items:flex-end}.elementor--v-position-middle .swiper-slide-inner{-webkit-box-align:center;-ms-flex-align:center;align-items:center}.elementor--h-position-left .swiper-slide-inner{-webkit-box-pack:start;-ms-flex-pack:start;justify-content:flex-start}.elementor--h-position-right .swiper-slide-inner{-webkit-box-pack:end;-ms-flex-pack:end;justify-content:flex-end}.elementor--h-position-center .swiper-slide-inner{-webkit-box-pack:center;-ms-flex-pack:center;justify-content:center}body.rtl .elementor-widget-slides .elementor-swiper-button-next{left:10px;right:auto}body.rtl .elementor-widget-slides .elementor-swiper-button-prev{right:10px;left:auto}.elementor-slides-wrapper div:not(.swiper-slide)>.swiper-slide-inner{display:none}@media (max-width:767px){.elementor-slides .swiper-slide-inner{padding:30px}.elementor-slides .swiper-slide-inner .elementor-slide-heading{font-size:23px;line-height:1;margin-bottom:15px}.elementor-slides .swiper-slide-inner .elementor-slide-description{font-size:13px;line-height:1.4;margin-bottom:15px}}<\/style>\t\t<div class=\"elementor-swiper\">\n\t\t\t<div class=\"elementor-slides-wrapper elementor-main-swiper swiper-container\" dir=\"ltr\" data-animation=\"fadeInUp\">\n\t\t\t\t<div class=\"swiper-wrapper elementor-slides\">\n\t\t\t\t\t\t\t\t\t\t<div class=\"elementor-repeater-item-68bbbec swiper-slide\"><div class=\"swiper-slide-bg\"><\/div><a class=\"swiper-slide-inner\" href=\"https:\/\/www.terresdecorreze.com\/sejournez\/hebergements\/\"><div class=\"swiper-slide-contents\"><div class=\"elementor-slide-heading\">Retrouvez toutes les informations<\/div><div class=\"elementor-slide-description\">L'Office de Tourisme, Terres de Corr\u00e8ze vous pr\u00e9sente les h\u00e9bergements aux alentours de Pompadour <\/div><div  class=\"elementor-button elementor-slide-button elementor-size-sm\">Click Here<\/div><\/div><\/a><\/div>\t\t\t\t<\/div>\n\t\t\t\t\t\t\t<\/div>\n\t\t<\/div>\n\t\t\t\t<\/div>\n\t\t\t\t<\/div>\n\t\t\t\t\t<\/div>\n\t\t<\/div>\n\t\t\t\t\t\t\t<\/div>\n\t\t<\/section>\n\t\t\t\t\t\t\t<\/div>\n\t\t","protected":false},"excerpt":{"rendered":"<p>Retrouvez toutes les informationsL&rsquo;Office de Tourisme, Terres de Corr\u00e8ze vous pr\u00e9sente les h\u00e9bergements aux alentours de Pompadour Click Here<\/p>\n","protected":false},"author":1,"featured_media":0,"parent":0,"menu_order":0,"comment_status":"closed","ping_status":"closed","template":"","meta":{"footnotes":""},"class_list":["post-6394","page","type-page","status-publish","hentry"],"yoast_head":"<!-- This site is optimized with the Yoast SEO plugin v20.7 - https:\/\/yoast.com\/wordpress\/plugins\/seo\/ -->\n<title>H\u00e9bergements - Hippodrome de Pompadour<\/title>\n<meta name=\"robots\" content=\"index, follow, max-snippet:-1, max-image-preview:large, max-video-preview:-1\" \/>\n<link rel=\"canonical\" href=\"https:\/\/courses-pompadour.fr\/?page_id=6394\" \/>\n<meta property=\"og:locale\" content=\"fr_FR\" \/>\n<meta property=\"og:type\" content=\"article\" \/>\n<meta property=\"og:title\" content=\"H\u00e9bergements - Hippodrome de Pompadour\" \/>\n<meta property=\"og:description\" content=\"Retrouvez toutes les informationsL&rsquo;Office de Tourisme, Terres de Corr\u00e8ze vous pr\u00e9sente les h\u00e9bergements aux alentours de Pompadour Click Here\" \/>\n<meta property=\"og:url\" content=\"https:\/\/courses-pompadour.fr\/?page_id=6394\" \/>\n<meta property=\"og:site_name\" content=\"Hippodrome de Pompadour\" \/>\n<meta property=\"article:publisher\" content=\"https:\/\/www.facebook.com\/coursespompadour\" \/>\n<meta property=\"article:modified_time\" content=\"2023-02-16T16:06:21+00:00\" \/>\n<meta name=\"twitter:card\" content=\"summary_large_image\" \/>\n<meta name=\"twitter:site\" content=\"@HippodromePompa\" \/>\n<script type=\"application\/ld+json\" class=\"yoast-schema-graph\">{\"@context\":\"https:\/\/schema.org\",\"@graph\":[{\"@type\":\"WebPage\",\"@id\":\"https:\/\/courses-pompadour.fr\/?page_id=6394\",\"url\":\"https:\/\/courses-pompadour.fr\/?page_id=6394\",\"name\":\"H\u00e9bergements - Hippodrome de Pompadour\",\"isPartOf\":{\"@id\":\"https:\/\/courses-pompadour.fr\/#website\"},\"datePublished\":\"2023-02-15T08:09:29+00:00\",\"dateModified\":\"2023-02-16T16:06:21+00:00\",\"breadcrumb\":{\"@id\":\"https:\/\/courses-pompadour.fr\/?page_id=6394#breadcrumb\"},\"inLanguage\":\"fr-FR\",\"potentialAction\":[{\"@type\":\"ReadAction\",\"target\":[\"https:\/\/courses-pompadour.fr\/?page_id=6394\"]}]},{\"@type\":\"BreadcrumbList\",\"@id\":\"https:\/\/courses-pompadour.fr\/?page_id=6394#breadcrumb\",\"itemListElement\":[{\"@type\":\"ListItem\",\"position\":1,\"name\":\"Accueil\",\"item\":\"https:\/\/courses-pompadour.fr\/\"},{\"@type\":\"ListItem\",\"position\":2,\"name\":\"H\u00e9bergements\"}]},{\"@type\":\"WebSite\",\"@id\":\"https:\/\/courses-pompadour.fr\/#website\",\"url\":\"https:\/\/courses-pompadour.fr\/\",\"name\":\"Hippodrome de Pompadour\",\"description\":\"Bienvenue \u00e0 l&#039;hippodrome de Pompadour\",\"publisher\":{\"@id\":\"https:\/\/courses-pompadour.fr\/#organization\"},\"potentialAction\":[{\"@type\":\"SearchAction\",\"target\":{\"@type\":\"EntryPoint\",\"urlTemplate\":\"https:\/\/courses-pompadour.fr\/?s={search_term_string}\"},\"query-input\":\"required name=search_term_string\"}],\"inLanguage\":\"fr-FR\"},{\"@type\":\"Organization\",\"@id\":\"https:\/\/courses-pompadour.fr\/#organization\",\"name\":\"Hippodrome de Pompadour\",\"url\":\"https:\/\/courses-pompadour.fr\/\",\"logo\":{\"@type\":\"ImageObject\",\"inLanguage\":\"fr-FR\",\"@id\":\"https:\/\/courses-pompadour.fr\/#\/schema\/logo\/image\/\",\"url\":\"https:\/\/courses-pompadour.fr\/wp-content\/uploads\/2023\/02\/cropped-logo-transparent-1-1-1.png\",\"contentUrl\":\"https:\/\/courses-pompadour.fr\/wp-content\/uploads\/2023\/02\/cropped-logo-transparent-1-1-1.png\",\"width\":512,\"height\":512,\"caption\":\"Hippodrome de Pompadour\"},\"image\":{\"@id\":\"https:\/\/courses-pompadour.fr\/#\/schema\/logo\/image\/\"},\"sameAs\":[\"https:\/\/www.facebook.com\/coursespompadour\",\"https:\/\/twitter.com\/HippodromePompa\",\"https:\/\/www.instagram.com\/hippodromedepompadour\/\",\"https:\/\/www.linkedin.com\/in\/socit-des-courses-de-pompadour-a430ab261\/\"]}]}<\/script>\n<!-- \/ Yoast SEO plugin. -->","yoast_head_json":{"title":"H\u00e9bergements - Hippodrome de Pompadour","robots":{"index":"index","follow":"follow","max-snippet":"max-snippet:-1","max-image-preview":"max-image-preview:large","max-video-preview":"max-video-preview:-1"},"canonical":"https:\/\/courses-pompadour.fr\/?page_id=6394","og_locale":"fr_FR","og_type":"article","og_title":"H\u00e9bergements - Hippodrome de Pompadour","og_description":"Retrouvez toutes les informationsL&rsquo;Office de Tourisme, Terres de Corr\u00e8ze vous pr\u00e9sente les h\u00e9bergements aux alentours de Pompadour Click Here","og_url":"https:\/\/courses-pompadour.fr\/?page_id=6394","og_site_name":"Hippodrome de Pompadour","article_publisher":"https:\/\/www.facebook.com\/coursespompadour","article_modified_time":"2023-02-16T16:06:21+00:00","twitter_card":"summary_large_image","twitter_site":"@HippodromePompa","schema":{"@context":"https:\/\/schema.org","@graph":[{"@type":"WebPage","@id":"https:\/\/courses-pompadour.fr\/?page_id=6394","url":"https:\/\/courses-pompadour.fr\/?page_id=6394","name":"H\u00e9bergements - Hippodrome de Pompadour","isPartOf":{"@id":"https:\/\/courses-pompadour.fr\/#website"},"datePublished":"2023-02-15T08:09:29+00:00","dateModified":"2023-02-16T16:06:21+00:00","breadcrumb":{"@id":"https:\/\/courses-pompadour.fr\/?page_id=6394#breadcrumb"},"inLanguage":"fr-FR","potentialAction":[{"@type":"ReadAction","target":["https:\/\/courses-pompadour.fr\/?page_id=6394"]}]},{"@type":"BreadcrumbList","@id":"https:\/\/courses-pompadour.fr\/?page_id=6394#breadcrumb","itemListElement":[{"@type":"ListItem","position":1,"name":"Accueil","item":"https:\/\/courses-pompadour.fr\/"},{"@type":"ListItem","position":2,"name":"H\u00e9bergements"}]},{"@type":"WebSite","@id":"https:\/\/courses-pompadour.fr\/#website","url":"https:\/\/courses-pompadour.fr\/","name":"Hippodrome de Pompadour","description":"Bienvenue \u00e0 l&#039;hippodrome de Pompadour","publisher":{"@id":"https:\/\/courses-pompadour.fr\/#organization"},"potentialAction":[{"@type":"SearchAction","target":{"@type":"EntryPoint","urlTemplate":"https:\/\/courses-pompadour.fr\/?s={search_term_string}"},"query-input":"required name=search_term_string"}],"inLanguage":"fr-FR"},{"@type":"Organization","@id":"https:\/\/courses-pompadour.fr\/#organization","name":"Hippodrome de Pompadour","url":"https:\/\/courses-pompadour.fr\/","logo":{"@type":"ImageObject","inLanguage":"fr-FR","@id":"https:\/\/courses-pompadour.fr\/#\/schema\/logo\/image\/","url":"https:\/\/courses-pompadour.fr\/wp-content\/uploads\/2023\/02\/cropped-logo-transparent-1-1-1.png","contentUrl":"https:\/\/courses-pompadour.fr\/wp-content\/uploads\/2023\/02\/cropped-logo-transparent-1-1-1.png","width":512,"height":512,"caption":"Hippodrome de Pompadour"},"image":{"@id":"https:\/\/courses-pompadour.fr\/#\/schema\/logo\/image\/"},"sameAs":["https:\/\/www.facebook.com\/coursespompadour","https:\/\/twitter.com\/HippodromePompa","https:\/\/www.instagram.com\/hippodromedepompadour\/","https:\/\/www.linkedin.com\/in\/socit-des-courses-de-pompadour-a430ab261\/"]}]}},"_links":{"self":[{"href":"https:\/\/courses-pompadour.fr\/index.php?rest_route=\/wp\/v2\/pages\/6394","targetHints":{"allow":["GET"]}}],"collection":[{"href":"https:\/\/courses-pompadour.fr\/index.php?rest_route=\/wp\/v2\/pages"}],"about":[{"href":"https:\/\/courses-pompadour.fr\/index.php?rest_route=\/wp\/v2\/types\/page"}],"author":[{"embeddable":true,"href":"https:\/\/courses-pompadour.fr\/index.php?rest_route=\/wp\/v2\/users\/1"}],"replies":[{"embeddable":true,"href":"https:\/\/courses-pompadour.fr\/index.php?rest_route=%2Fwp%2Fv2%2Fcomments&post=6394"}],"version-history":[{"count":7,"href":"https:\/\/courses-pompadour.fr\/index.php?rest_route=\/wp\/v2\/pages\/6394\/revisions"}],"predecessor-version":[{"id":6882,"href":"https:\/\/courses-pompadour.fr\/index.php?rest_route=\/wp\/v2\/pages\/6394\/revisions\/6882"}],"wp:attachment":[{"href":"https:\/\/courses-pompadour.fr\/index.php?rest_route=%2Fwp%2Fv2%2Fmedia&parent=6394"}],"curies":[{"name":"wp","href":"https:\/\/api.w.org\/{rel}","templated":true}]}}