{"id":6396,"date":"2023-02-15T09:09:58","date_gmt":"2023-02-15T08:09:58","guid":{"rendered":"https:\/\/courses-pompadour.fr\/?page_id=6396"},"modified":"2026-03-31T15:32:23","modified_gmt":"2026-03-31T13:32:23","slug":"informations-utiles","status":"publish","type":"page","link":"https:\/\/courses-pompadour.fr\/?page_id=6396","title":{"rendered":"R\u00e9servation de boxes"},"content":{"rendered":"\t\t<div data-elementor-type=\"wp-page\" data-elementor-id=\"6396\" class=\"elementor elementor-6396\">\n\t\t\t\t\t\t\t\t\t<section class=\"elementor-section elementor-top-section elementor-element elementor-element-4bf750d elementor-section-stretched elementor-section-boxed elementor-section-height-default elementor-section-height-default qodef-elementor-content-no\" data-id=\"4bf750d\" data-element_type=\"section\" data-settings=\"{&quot;stretch_section&quot;:&quot;section-stretched&quot;}\">\n\t\t\t\t\t\t<div class=\"elementor-container elementor-column-gap-no\">\n\t\t\t\t\t<div class=\"elementor-column elementor-col-100 elementor-top-column elementor-element elementor-element-b232ef7\" data-id=\"b232ef7\" data-element_type=\"column\">\n\t\t\t<div class=\"elementor-widget-wrap elementor-element-populated\">\n\t\t\t\t\t\t\t\t<div class=\"elementor-element elementor-element-3b2ac62 elementor-widget elementor-widget-spacer\" data-id=\"3b2ac62\" data-element_type=\"widget\" data-widget_type=\"spacer.default\">\n\t\t\t\t<div class=\"elementor-widget-container\">\n\t\t\t<style>\/*! elementor - v3.11.0 - 13-02-2023 *\/\n.elementor-column .elementor-spacer-inner{height:var(--spacer-size)}.e-con{--container-widget-width:100%}.e-con-inner>.elementor-widget-spacer,.e-con>.elementor-widget-spacer{width:var(--container-widget-width,var(--spacer-size));--align-self:var(--container-widget-align-self,initial);--flex-shrink:0}.e-con-inner>.elementor-widget-spacer>.elementor-widget-container,.e-con-inner>.elementor-widget-spacer>.elementor-widget-container>.elementor-spacer,.e-con>.elementor-widget-spacer>.elementor-widget-container,.e-con>.elementor-widget-spacer>.elementor-widget-container>.elementor-spacer{height:100%}.e-con-inner>.elementor-widget-spacer>.elementor-widget-container>.elementor-spacer>.elementor-spacer-inner,.e-con>.elementor-widget-spacer>.elementor-widget-container>.elementor-spacer>.elementor-spacer-inner{height:var(--container-widget-height,var(--spacer-size))}<\/style>\t\t<div class=\"elementor-spacer\">\n\t\t\t<div class=\"elementor-spacer-inner\"><\/div>\n\t\t<\/div>\n\t\t\t\t<\/div>\n\t\t\t\t<\/div>\n\t\t\t\t<div class=\"elementor-element elementor-element-2a3b5da elementor-widget elementor-widget-heading\" data-id=\"2a3b5da\" data-element_type=\"widget\" data-widget_type=\"heading.default\">\n\t\t\t\t<div class=\"elementor-widget-container\">\n\t\t\t<style>\/*! elementor - v3.11.0 - 13-02-2023 *\/\n.elementor-heading-title{padding:0;margin:0;line-height:1}.elementor-widget-heading .elementor-heading-title[class*=elementor-size-]>a{color:inherit;font-size:inherit;line-height:inherit}.elementor-widget-heading .elementor-heading-title.elementor-size-small{font-size:15px}.elementor-widget-heading .elementor-heading-title.elementor-size-medium{font-size:19px}.elementor-widget-heading .elementor-heading-title.elementor-size-large{font-size:29px}.elementor-widget-heading .elementor-heading-title.elementor-size-xl{font-size:39px}.elementor-widget-heading .elementor-heading-title.elementor-size-xxl{font-size:59px}<\/style><h2 class=\"elementor-heading-title elementor-size-default\">R\u00e9servation de boxes<\/h2>\t\t<\/div>\n\t\t\t\t<\/div>\n\t\t\t\t<div class=\"elementor-element elementor-element-3c0afb6 elementor-widget__width-inherit e-transform elementor-widget elementor-widget-image\" data-id=\"3c0afb6\" data-element_type=\"widget\" data-settings=\"{&quot;_transform_scale_effect&quot;:{&quot;unit&quot;:&quot;px&quot;,&quot;size&quot;:&quot;&quot;,&quot;sizes&quot;:[]},&quot;_transform_scale_effect_tablet&quot;:{&quot;unit&quot;:&quot;px&quot;,&quot;size&quot;:&quot;&quot;,&quot;sizes&quot;:[]},&quot;_transform_scale_effect_mobile&quot;:{&quot;unit&quot;:&quot;px&quot;,&quot;size&quot;:&quot;&quot;,&quot;sizes&quot;:[]}}\" data-widget_type=\"image.default\">\n\t\t\t\t<div class=\"elementor-widget-container\">\n\t\t\t<style>\/*! elementor - v3.11.0 - 13-02-2023 *\/\n.elementor-widget-image{text-align:center}.elementor-widget-image a{display:inline-block}.elementor-widget-image a img[src$=\".svg\"]{width:48px}.elementor-widget-image img{vertical-align:middle;display:inline-block}<\/style>\t\t\t\t\t\t\t\t\t\t\t\t<img loading=\"lazy\" decoding=\"async\" width=\"2560\" height=\"800\" src=\"https:\/\/courses-pompadour.fr\/wp-content\/uploads\/2026\/03\/resaboxes.png\" class=\"attachment-full size-full wp-image-9977\" alt=\"\" srcset=\"https:\/\/courses-pompadour.fr\/wp-content\/uploads\/2026\/03\/resaboxes.png 2560w, https:\/\/courses-pompadour.fr\/wp-content\/uploads\/2026\/03\/resaboxes-300x94.png 300w, https:\/\/courses-pompadour.fr\/wp-content\/uploads\/2026\/03\/resaboxes-1024x320.png 1024w, https:\/\/courses-pompadour.fr\/wp-content\/uploads\/2026\/03\/resaboxes-768x240.png 768w, https:\/\/courses-pompadour.fr\/wp-content\/uploads\/2026\/03\/resaboxes-1536x480.png 1536w, https:\/\/courses-pompadour.fr\/wp-content\/uploads\/2026\/03\/resaboxes-2048x640.png 2048w\" sizes=\"auto, (max-width: 2560px) 100vw, 2560px\" \/>\t\t\t\t\t\t\t\t\t\t\t\t\t\t\t<\/div>\n\t\t\t\t<\/div>\n\t\t\t\t<div class=\"elementor-element elementor-element-cef57a1 elementor-widget-divider--view-line elementor-widget elementor-widget-divider\" data-id=\"cef57a1\" data-element_type=\"widget\" data-widget_type=\"divider.default\">\n\t\t\t\t<div class=\"elementor-widget-container\">\n\t\t\t<style>\/*! elementor - v3.11.0 - 13-02-2023 *\/\n.elementor-widget-divider{--divider-border-style:none;--divider-border-width:1px;--divider-color:#2c2c2c;--divider-icon-size:20px;--divider-element-spacing:10px;--divider-pattern-height:24px;--divider-pattern-size:20px;--divider-pattern-url:none;--divider-pattern-repeat:repeat-x}.elementor-widget-divider .elementor-divider{display:flex}.elementor-widget-divider .elementor-divider__text{font-size:15px;line-height:1;max-width:95%}.elementor-widget-divider .elementor-divider__element{margin:0 var(--divider-element-spacing);flex-shrink:0}.elementor-widget-divider .elementor-icon{font-size:var(--divider-icon-size)}.elementor-widget-divider .elementor-divider-separator{display:flex;margin:0;direction:ltr}.elementor-widget-divider--view-line_icon .elementor-divider-separator,.elementor-widget-divider--view-line_text .elementor-divider-separator{align-items:center}.elementor-widget-divider--view-line_icon .elementor-divider-separator:after,.elementor-widget-divider--view-line_icon .elementor-divider-separator:before,.elementor-widget-divider--view-line_text .elementor-divider-separator:after,.elementor-widget-divider--view-line_text .elementor-divider-separator:before{display:block;content:\"\";border-bottom:0;flex-grow:1;border-top:var(--divider-border-width) var(--divider-border-style) var(--divider-color)}.elementor-widget-divider--element-align-left .elementor-divider .elementor-divider-separator>.elementor-divider__svg:first-of-type{flex-grow:0;flex-shrink:100}.elementor-widget-divider--element-align-left .elementor-divider-separator:before{content:none}.elementor-widget-divider--element-align-left .elementor-divider__element{margin-left:0}.elementor-widget-divider--element-align-right .elementor-divider .elementor-divider-separator>.elementor-divider__svg:last-of-type{flex-grow:0;flex-shrink:100}.elementor-widget-divider--element-align-right .elementor-divider-separator:after{content:none}.elementor-widget-divider--element-align-right .elementor-divider__element{margin-right:0}.elementor-widget-divider:not(.elementor-widget-divider--view-line_text):not(.elementor-widget-divider--view-line_icon) .elementor-divider-separator{border-top:var(--divider-border-width) var(--divider-border-style) var(--divider-color)}.elementor-widget-divider--separator-type-pattern{--divider-border-style:none}.elementor-widget-divider--separator-type-pattern.elementor-widget-divider--view-line .elementor-divider-separator,.elementor-widget-divider--separator-type-pattern:not(.elementor-widget-divider--view-line) .elementor-divider-separator:after,.elementor-widget-divider--separator-type-pattern:not(.elementor-widget-divider--view-line) .elementor-divider-separator:before,.elementor-widget-divider--separator-type-pattern:not([class*=elementor-widget-divider--view]) .elementor-divider-separator{width:100%;min-height:var(--divider-pattern-height);-webkit-mask-size:var(--divider-pattern-size) 100%;mask-size:var(--divider-pattern-size) 100%;-webkit-mask-repeat:var(--divider-pattern-repeat);mask-repeat:var(--divider-pattern-repeat);background-color:var(--divider-color);-webkit-mask-image:var(--divider-pattern-url);mask-image:var(--divider-pattern-url)}.elementor-widget-divider--no-spacing{--divider-pattern-size:auto}.elementor-widget-divider--bg-round{--divider-pattern-repeat:round}.rtl .elementor-widget-divider .elementor-divider__text{direction:rtl}.e-con-inner>.elementor-widget-divider,.e-con>.elementor-widget-divider{width:var(--container-widget-width,100%);--flex-grow:var(--container-widget-flex-grow)}<\/style>\t\t<div class=\"elementor-divider\">\n\t\t\t<span class=\"elementor-divider-separator\">\n\t\t\t\t\t\t<\/span>\n\t\t<\/div>\n\t\t\t\t<\/div>\n\t\t\t\t<\/div>\n\t\t\t\t\t<\/div>\n\t\t<\/div>\n\t\t\t\t\t\t\t<\/div>\n\t\t<\/section>\n\t\t\t\t<section class=\"elementor-section elementor-top-section elementor-element elementor-element-ca17e0a elementor-section-boxed elementor-section-height-default elementor-section-height-default qodef-elementor-content-no\" data-id=\"ca17e0a\" data-element_type=\"section\">\n\t\t\t\t\t\t<div class=\"elementor-container elementor-column-gap-default\">\n\t\t\t\t\t<div class=\"elementor-column elementor-col-100 elementor-top-column elementor-element elementor-element-4eefba0\" data-id=\"4eefba0\" data-element_type=\"column\">\n\t\t\t<div class=\"elementor-widget-wrap elementor-element-populated\">\n\t\t\t\t\t\t\t\t<section class=\"elementor-section elementor-inner-section elementor-element elementor-element-b383059 elementor-section-boxed elementor-section-height-default elementor-section-height-default qodef-elementor-content-no\" data-id=\"b383059\" data-element_type=\"section\">\n\t\t\t\t\t\t<div class=\"elementor-container elementor-column-gap-default\">\n\t\t\t\t\t<div class=\"elementor-column elementor-col-50 elementor-inner-column elementor-element elementor-element-76a7c9e\" data-id=\"76a7c9e\" data-element_type=\"column\">\n\t\t\t<div class=\"elementor-widget-wrap elementor-element-populated\">\n\t\t\t\t\t\t\t\t<div class=\"elementor-element elementor-element-f863a2a elementor-widget elementor-widget-image\" data-id=\"f863a2a\" data-element_type=\"widget\" data-widget_type=\"image.default\">\n\t\t\t\t<div class=\"elementor-widget-container\">\n\t\t\t\t\t\t\t\t\t\t\t\t\t\t\t<img loading=\"lazy\" decoding=\"async\" width=\"2560\" height=\"1920\" src=\"https:\/\/courses-pompadour.fr\/wp-content\/uploads\/2023\/02\/RESABOXES-scaled.jpg\" class=\"attachment-full size-full wp-image-6457\" alt=\"\" srcset=\"https:\/\/courses-pompadour.fr\/wp-content\/uploads\/2023\/02\/RESABOXES-scaled.jpg 2560w, https:\/\/courses-pompadour.fr\/wp-content\/uploads\/2023\/02\/RESABOXES-300x225.jpg 300w, https:\/\/courses-pompadour.fr\/wp-content\/uploads\/2023\/02\/RESABOXES-1024x768.jpg 1024w, https:\/\/courses-pompadour.fr\/wp-content\/uploads\/2023\/02\/RESABOXES-768x576.jpg 768w\" sizes=\"auto, (max-width: 2560px) 100vw, 2560px\" \/>\t\t\t\t\t\t\t\t\t\t\t\t\t\t\t<\/div>\n\t\t\t\t<\/div>\n\t\t\t\t\t<\/div>\n\t\t<\/div>\n\t\t\t\t<div class=\"elementor-column elementor-col-50 elementor-inner-column elementor-element elementor-element-1ef2f43\" data-id=\"1ef2f43\" data-element_type=\"column\">\n\t\t\t<div class=\"elementor-widget-wrap elementor-element-populated\">\n\t\t\t\t\t\t\t\t<div class=\"elementor-element elementor-element-7ff3d00 elementor-widget elementor-widget-text-editor\" data-id=\"7ff3d00\" data-element_type=\"widget\" data-widget_type=\"text-editor.default\">\n\t\t\t\t<div class=\"elementor-widget-container\">\n\t\t\t<style>\/*! elementor - v3.11.0 - 13-02-2023 *\/\n.elementor-widget-text-editor.elementor-drop-cap-view-stacked .elementor-drop-cap{background-color:#818a91;color:#fff}.elementor-widget-text-editor.elementor-drop-cap-view-framed .elementor-drop-cap{color:#818a91;border:3px solid;background-color:transparent}.elementor-widget-text-editor:not(.elementor-drop-cap-view-default) .elementor-drop-cap{margin-top:8px}.elementor-widget-text-editor:not(.elementor-drop-cap-view-default) .elementor-drop-cap-letter{width:1em;height:1em}.elementor-widget-text-editor .elementor-drop-cap{float:left;text-align:center;line-height:1;font-size:50px}.elementor-widget-text-editor .elementor-drop-cap-letter{display:inline-block}<\/style>\t\t\t\t<p style=\"font-size: medium;\"><span style=\"font-family: Calibri, sans-serif;\">Anticipez votre arriv\u00e9e en r\u00e9servant vos boxes (r\u00e9servation obligatoire).<\/span><\/p><p style=\"font-size: medium;\"><span style=\"font-family: Calibri, sans-serif;\">Nous vous proposons liti\u00e8re paille ou copeaux, en fonction de vos besoins.<br \/><\/span><\/p><p><span style=\"font-family: Calibri, sans-serif;\">Toutes les r\u00e9servations de boxes se font uniquement \u00e0 <b>boxespompadour(at)<\/b><\/span><b style=\"font-family: Calibri, sans-serif;\">orange.fr<\/b><\/p><p><span style=\"font-family: Calibri, sans-serif;\">Pour toutes les autres demandes contactez-nous \u00e0 <b>hippodromepompadour(at)<\/b><\/span><span style=\"font-family: Calibri, sans-serif;\"><b>gmail.com<\/b><\/span><\/p>\t\t\t\t\t\t<\/div>\n\t\t\t\t<\/div>\n\t\t\t\t<div class=\"elementor-element elementor-element-d70373d elementor-widget elementor-widget-heading\" data-id=\"d70373d\" data-element_type=\"widget\" data-widget_type=\"heading.default\">\n\t\t\t\t<div class=\"elementor-widget-container\">\n\t\t\t<h2 class=\"elementor-heading-title elementor-size-default\">Tarifs<\/h2>\t\t<\/div>\n\t\t\t\t<\/div>\n\t\t\t\t<div class=\"elementor-element elementor-element-c329fc2 elementor-widget elementor-widget-text-editor\" data-id=\"c329fc2\" data-element_type=\"widget\" data-widget_type=\"text-editor.default\">\n\t\t\t\t<div class=\"elementor-widget-container\">\n\t\t\t\t\t\t\t<p>Boxes paille : 10\u20ac TTC &#8211; 8,33\u20ac HT<\/p><p>Boxes copeaux : 30\u20ac TTC &#8211; 24\u20ac HT<\/p>\t\t\t\t\t\t<\/div>\n\t\t\t\t<\/div>\n\t\t\t\t\t<\/div>\n\t\t<\/div>\n\t\t\t\t\t\t\t<\/div>\n\t\t<\/section>\n\t\t\t\t\t<\/div>\n\t\t<\/div>\n\t\t\t\t\t\t\t<\/div>\n\t\t<\/section>\n\t\t\t\t\t\t\t<\/div>\n\t\t","protected":false},"excerpt":{"rendered":"<p>R\u00e9servation de boxes Anticipez votre arriv\u00e9e en r\u00e9servant vos boxes (r\u00e9servation obligatoire). Nous vous proposons liti\u00e8re paille ou copeaux, en fonction de vos besoins. Toutes les r\u00e9servations de boxes se font uniquement \u00e0 boxespompadour(at)orange.fr Pour toutes les autres demandes contactez-nous \u00e0 hippodromepompadour(at)gmail.com Tarifs Boxes paille : 10\u20ac TTC &#8211; 8,33\u20ac HT Boxes copeaux : 30\u20ac [&hellip;]<\/p>\n","protected":false},"author":1,"featured_media":0,"parent":0,"menu_order":0,"comment_status":"closed","ping_status":"closed","template":"","meta":{"footnotes":""},"class_list":["post-6396","page","type-page","status-publish","hentry"],"yoast_head":"<!-- This site is optimized with the Yoast SEO plugin v20.7 - https:\/\/yoast.com\/wordpress\/plugins\/seo\/ -->\n<title>R\u00e9servation de boxes - Hippodrome de Pompadour<\/title>\n<meta name=\"robots\" content=\"index, follow, max-snippet:-1, max-image-preview:large, max-video-preview:-1\" \/>\n<link rel=\"canonical\" href=\"https:\/\/courses-pompadour.fr\/?page_id=6396\" \/>\n<meta property=\"og:locale\" content=\"fr_FR\" \/>\n<meta property=\"og:type\" content=\"article\" \/>\n<meta property=\"og:title\" content=\"R\u00e9servation de boxes - Hippodrome de Pompadour\" \/>\n<meta property=\"og:description\" content=\"R\u00e9servation de boxes Anticipez votre arriv\u00e9e en r\u00e9servant vos boxes (r\u00e9servation obligatoire). Nous vous proposons liti\u00e8re paille ou copeaux, en fonction de vos besoins. Toutes les r\u00e9servations de boxes se font uniquement \u00e0 boxespompadour(at)orange.fr Pour toutes les autres demandes contactez-nous \u00e0 hippodromepompadour(at)gmail.com Tarifs Boxes paille : 10\u20ac TTC &#8211; 8,33\u20ac HT Boxes copeaux : 30\u20ac [&hellip;]\" \/>\n<meta property=\"og:url\" content=\"https:\/\/courses-pompadour.fr\/?page_id=6396\" \/>\n<meta property=\"og:site_name\" content=\"Hippodrome de Pompadour\" \/>\n<meta property=\"article:publisher\" content=\"https:\/\/www.facebook.com\/coursespompadour\" \/>\n<meta property=\"article:modified_time\" content=\"2026-03-31T13:32:23+00:00\" \/>\n<meta property=\"og:image\" content=\"http:\/\/courses-pompadour.fr\/wp-content\/uploads\/2026\/03\/resaboxes.png\" \/>\n<meta name=\"twitter:card\" content=\"summary_large_image\" \/>\n<meta name=\"twitter:site\" content=\"@HippodromePompa\" \/>\n<meta name=\"twitter:label1\" content=\"Dur\u00e9e de lecture estim\u00e9e\" \/>\n\t<meta name=\"twitter:data1\" content=\"1 minute\" \/>\n<script type=\"application\/ld+json\" class=\"yoast-schema-graph\">{\"@context\":\"https:\/\/schema.org\",\"@graph\":[{\"@type\":\"WebPage\",\"@id\":\"https:\/\/courses-pompadour.fr\/?page_id=6396\",\"url\":\"https:\/\/courses-pompadour.fr\/?page_id=6396\",\"name\":\"R\u00e9servation de boxes - Hippodrome de Pompadour\",\"isPartOf\":{\"@id\":\"https:\/\/courses-pompadour.fr\/#website\"},\"datePublished\":\"2023-02-15T08:09:58+00:00\",\"dateModified\":\"2026-03-31T13:32:23+00:00\",\"breadcrumb\":{\"@id\":\"https:\/\/courses-pompadour.fr\/?page_id=6396#breadcrumb\"},\"inLanguage\":\"fr-FR\",\"potentialAction\":[{\"@type\":\"ReadAction\",\"target\":[\"https:\/\/courses-pompadour.fr\/?page_id=6396\"]}]},{\"@type\":\"BreadcrumbList\",\"@id\":\"https:\/\/courses-pompadour.fr\/?page_id=6396#breadcrumb\",\"itemListElement\":[{\"@type\":\"ListItem\",\"position\":1,\"name\":\"Accueil\",\"item\":\"https:\/\/courses-pompadour.fr\/\"},{\"@type\":\"ListItem\",\"position\":2,\"name\":\"R\u00e9servation de boxes\"}]},{\"@type\":\"WebSite\",\"@id\":\"https:\/\/courses-pompadour.fr\/#website\",\"url\":\"https:\/\/courses-pompadour.fr\/\",\"name\":\"Hippodrome de Pompadour\",\"description\":\"Bienvenue \u00e0 l&#039;hippodrome de Pompadour\",\"publisher\":{\"@id\":\"https:\/\/courses-pompadour.fr\/#organization\"},\"potentialAction\":[{\"@type\":\"SearchAction\",\"target\":{\"@type\":\"EntryPoint\",\"urlTemplate\":\"https:\/\/courses-pompadour.fr\/?s={search_term_string}\"},\"query-input\":\"required name=search_term_string\"}],\"inLanguage\":\"fr-FR\"},{\"@type\":\"Organization\",\"@id\":\"https:\/\/courses-pompadour.fr\/#organization\",\"name\":\"Hippodrome de Pompadour\",\"url\":\"https:\/\/courses-pompadour.fr\/\",\"logo\":{\"@type\":\"ImageObject\",\"inLanguage\":\"fr-FR\",\"@id\":\"https:\/\/courses-pompadour.fr\/#\/schema\/logo\/image\/\",\"url\":\"https:\/\/courses-pompadour.fr\/wp-content\/uploads\/2023\/02\/cropped-logo-transparent-1-1-1.png\",\"contentUrl\":\"https:\/\/courses-pompadour.fr\/wp-content\/uploads\/2023\/02\/cropped-logo-transparent-1-1-1.png\",\"width\":512,\"height\":512,\"caption\":\"Hippodrome de Pompadour\"},\"image\":{\"@id\":\"https:\/\/courses-pompadour.fr\/#\/schema\/logo\/image\/\"},\"sameAs\":[\"https:\/\/www.facebook.com\/coursespompadour\",\"https:\/\/twitter.com\/HippodromePompa\",\"https:\/\/www.instagram.com\/hippodromedepompadour\/\",\"https:\/\/www.linkedin.com\/in\/socit-des-courses-de-pompadour-a430ab261\/\"]}]}<\/script>\n<!-- \/ Yoast SEO plugin. -->","yoast_head_json":{"title":"R\u00e9servation de boxes - Hippodrome de Pompadour","robots":{"index":"index","follow":"follow","max-snippet":"max-snippet:-1","max-image-preview":"max-image-preview:large","max-video-preview":"max-video-preview:-1"},"canonical":"https:\/\/courses-pompadour.fr\/?page_id=6396","og_locale":"fr_FR","og_type":"article","og_title":"R\u00e9servation de boxes - Hippodrome de Pompadour","og_description":"R\u00e9servation de boxes Anticipez votre arriv\u00e9e en r\u00e9servant vos boxes (r\u00e9servation obligatoire). Nous vous proposons liti\u00e8re paille ou copeaux, en fonction de vos besoins. Toutes les r\u00e9servations de boxes se font uniquement \u00e0 boxespompadour(at)orange.fr Pour toutes les autres demandes contactez-nous \u00e0 hippodromepompadour(at)gmail.com Tarifs Boxes paille : 10\u20ac TTC &#8211; 8,33\u20ac HT Boxes copeaux : 30\u20ac [&hellip;]","og_url":"https:\/\/courses-pompadour.fr\/?page_id=6396","og_site_name":"Hippodrome de Pompadour","article_publisher":"https:\/\/www.facebook.com\/coursespompadour","article_modified_time":"2026-03-31T13:32:23+00:00","og_image":[{"url":"http:\/\/courses-pompadour.fr\/wp-content\/uploads\/2026\/03\/resaboxes.png"}],"twitter_card":"summary_large_image","twitter_site":"@HippodromePompa","twitter_misc":{"Dur\u00e9e de lecture estim\u00e9e":"1 minute"},"schema":{"@context":"https:\/\/schema.org","@graph":[{"@type":"WebPage","@id":"https:\/\/courses-pompadour.fr\/?page_id=6396","url":"https:\/\/courses-pompadour.fr\/?page_id=6396","name":"R\u00e9servation de boxes - Hippodrome de Pompadour","isPartOf":{"@id":"https:\/\/courses-pompadour.fr\/#website"},"datePublished":"2023-02-15T08:09:58+00:00","dateModified":"2026-03-31T13:32:23+00:00","breadcrumb":{"@id":"https:\/\/courses-pompadour.fr\/?page_id=6396#breadcrumb"},"inLanguage":"fr-FR","potentialAction":[{"@type":"ReadAction","target":["https:\/\/courses-pompadour.fr\/?page_id=6396"]}]},{"@type":"BreadcrumbList","@id":"https:\/\/courses-pompadour.fr\/?page_id=6396#breadcrumb","itemListElement":[{"@type":"ListItem","position":1,"name":"Accueil","item":"https:\/\/courses-pompadour.fr\/"},{"@type":"ListItem","position":2,"name":"R\u00e9servation de boxes"}]},{"@type":"WebSite","@id":"https:\/\/courses-pompadour.fr\/#website","url":"https:\/\/courses-pompadour.fr\/","name":"Hippodrome de Pompadour","description":"Bienvenue \u00e0 l&#039;hippodrome de Pompadour","publisher":{"@id":"https:\/\/courses-pompadour.fr\/#organization"},"potentialAction":[{"@type":"SearchAction","target":{"@type":"EntryPoint","urlTemplate":"https:\/\/courses-pompadour.fr\/?s={search_term_string}"},"query-input":"required name=search_term_string"}],"inLanguage":"fr-FR"},{"@type":"Organization","@id":"https:\/\/courses-pompadour.fr\/#organization","name":"Hippodrome de Pompadour","url":"https:\/\/courses-pompadour.fr\/","logo":{"@type":"ImageObject","inLanguage":"fr-FR","@id":"https:\/\/courses-pompadour.fr\/#\/schema\/logo\/image\/","url":"https:\/\/courses-pompadour.fr\/wp-content\/uploads\/2023\/02\/cropped-logo-transparent-1-1-1.png","contentUrl":"https:\/\/courses-pompadour.fr\/wp-content\/uploads\/2023\/02\/cropped-logo-transparent-1-1-1.png","width":512,"height":512,"caption":"Hippodrome de Pompadour"},"image":{"@id":"https:\/\/courses-pompadour.fr\/#\/schema\/logo\/image\/"},"sameAs":["https:\/\/www.facebook.com\/coursespompadour","https:\/\/twitter.com\/HippodromePompa","https:\/\/www.instagram.com\/hippodromedepompadour\/","https:\/\/www.linkedin.com\/in\/socit-des-courses-de-pompadour-a430ab261\/"]}]}},"_links":{"self":[{"href":"https:\/\/courses-pompadour.fr\/index.php?rest_route=\/wp\/v2\/pages\/6396","targetHints":{"allow":["GET"]}}],"collection":[{"href":"https:\/\/courses-pompadour.fr\/index.php?rest_route=\/wp\/v2\/pages"}],"about":[{"href":"https:\/\/courses-pompadour.fr\/index.php?rest_route=\/wp\/v2\/types\/page"}],"author":[{"embeddable":true,"href":"https:\/\/courses-pompadour.fr\/index.php?rest_route=\/wp\/v2\/users\/1"}],"replies":[{"embeddable":true,"href":"https:\/\/courses-pompadour.fr\/index.php?rest_route=%2Fwp%2Fv2%2Fcomments&post=6396"}],"version-history":[{"count":72,"href":"https:\/\/courses-pompadour.fr\/index.php?rest_route=\/wp\/v2\/pages\/6396\/revisions"}],"predecessor-version":[{"id":10007,"href":"https:\/\/courses-pompadour.fr\/index.php?rest_route=\/wp\/v2\/pages\/6396\/revisions\/10007"}],"wp:attachment":[{"href":"https:\/\/courses-pompadour.fr\/index.php?rest_route=%2Fwp%2Fv2%2Fmedia&parent=6396"}],"curies":[{"name":"wp","href":"https:\/\/api.w.org\/{rel}","templated":true}]}}