{"id":9777,"date":"2026-03-31T15:27:01","date_gmt":"2026-03-31T13:27:01","guid":{"rendered":"https:\/\/courses-pompadour.fr\/?page_id=9777"},"modified":"2026-04-01T10:54:41","modified_gmt":"2026-04-01T08:54:41","slug":"elementor-9777","status":"publish","type":"page","link":"https:\/\/courses-pompadour.fr\/?page_id=9777","title":{"rendered":"Venir s&rsquo;entra\u00eener"},"content":{"rendered":"\t\t<div data-elementor-type=\"wp-page\" data-elementor-id=\"9777\" class=\"elementor elementor-9777\">\n\t\t\t\t\t\t\t\t\t<section class=\"elementor-section elementor-top-section elementor-element elementor-element-c998cd3 elementor-section-boxed elementor-section-height-default elementor-section-height-default qodef-elementor-content-no\" data-id=\"c998cd3\" data-element_type=\"section\">\n\t\t\t\t\t\t<div class=\"elementor-container elementor-column-gap-default\">\n\t\t\t\t\t<div class=\"elementor-column elementor-col-100 elementor-top-column elementor-element elementor-element-04a7fd5\" data-id=\"04a7fd5\" data-element_type=\"column\">\n\t\t\t<div class=\"elementor-widget-wrap elementor-element-populated\">\n\t\t\t\t\t\t\t\t<div class=\"elementor-element elementor-element-a2fd074 elementor-widget elementor-widget-spacer\" data-id=\"a2fd074\" data-element_type=\"widget\" data-widget_type=\"spacer.default\">\n\t\t\t\t<div class=\"elementor-widget-container\">\n\t\t\t<style>\/*! elementor - v3.11.0 - 13-02-2023 *\/\n.elementor-column .elementor-spacer-inner{height:var(--spacer-size)}.e-con{--container-widget-width:100%}.e-con-inner>.elementor-widget-spacer,.e-con>.elementor-widget-spacer{width:var(--container-widget-width,var(--spacer-size));--align-self:var(--container-widget-align-self,initial);--flex-shrink:0}.e-con-inner>.elementor-widget-spacer>.elementor-widget-container,.e-con-inner>.elementor-widget-spacer>.elementor-widget-container>.elementor-spacer,.e-con>.elementor-widget-spacer>.elementor-widget-container,.e-con>.elementor-widget-spacer>.elementor-widget-container>.elementor-spacer{height:100%}.e-con-inner>.elementor-widget-spacer>.elementor-widget-container>.elementor-spacer>.elementor-spacer-inner,.e-con>.elementor-widget-spacer>.elementor-widget-container>.elementor-spacer>.elementor-spacer-inner{height:var(--container-widget-height,var(--spacer-size))}<\/style>\t\t<div class=\"elementor-spacer\">\n\t\t\t<div class=\"elementor-spacer-inner\"><\/div>\n\t\t<\/div>\n\t\t\t\t<\/div>\n\t\t\t\t<\/div>\n\t\t\t\t<div class=\"elementor-element elementor-element-e3f3546 elementor-widget elementor-widget-heading\" data-id=\"e3f3546\" data-element_type=\"widget\" data-widget_type=\"heading.default\">\n\t\t\t\t<div class=\"elementor-widget-container\">\n\t\t\t<style>\/*! elementor - v3.11.0 - 13-02-2023 *\/\n.elementor-heading-title{padding:0;margin:0;line-height:1}.elementor-widget-heading .elementor-heading-title[class*=elementor-size-]>a{color:inherit;font-size:inherit;line-height:inherit}.elementor-widget-heading .elementor-heading-title.elementor-size-small{font-size:15px}.elementor-widget-heading .elementor-heading-title.elementor-size-medium{font-size:19px}.elementor-widget-heading .elementor-heading-title.elementor-size-large{font-size:29px}.elementor-widget-heading .elementor-heading-title.elementor-size-xl{font-size:39px}.elementor-widget-heading .elementor-heading-title.elementor-size-xxl{font-size:59px}<\/style><h2 class=\"elementor-heading-title elementor-size-default\">VENIR S'ENTRA\u00ceNER<\/h2>\t\t<\/div>\n\t\t\t\t<\/div>\n\t\t\t\t<div class=\"elementor-element elementor-element-4e212e7 elementor-widget elementor-widget-spacer\" data-id=\"4e212e7\" data-element_type=\"widget\" data-widget_type=\"spacer.default\">\n\t\t\t\t<div class=\"elementor-widget-container\">\n\t\t\t\t\t<div class=\"elementor-spacer\">\n\t\t\t<div class=\"elementor-spacer-inner\"><\/div>\n\t\t<\/div>\n\t\t\t\t<\/div>\n\t\t\t\t<\/div>\n\t\t\t\t<div class=\"elementor-element elementor-element-e98b3a1 elementor-widget elementor-widget-image\" data-id=\"e98b3a1\" data-element_type=\"widget\" data-widget_type=\"image.default\">\n\t\t\t\t<div class=\"elementor-widget-container\">\n\t\t\t<style>\/*! elementor - v3.11.0 - 13-02-2023 *\/\n.elementor-widget-image{text-align:center}.elementor-widget-image a{display:inline-block}.elementor-widget-image a img[src$=\".svg\"]{width:48px}.elementor-widget-image img{vertical-align:middle;display:inline-block}<\/style>\t\t\t\t\t\t\t\t\t\t\t\t<img loading=\"lazy\" decoding=\"async\" width=\"1920\" height=\"600\" src=\"https:\/\/courses-pompadour.fr\/wp-content\/uploads\/2026\/03\/tarifscentre.png\" class=\"attachment-full size-full wp-image-9796\" alt=\"\" srcset=\"https:\/\/courses-pompadour.fr\/wp-content\/uploads\/2026\/03\/tarifscentre.png 1920w, https:\/\/courses-pompadour.fr\/wp-content\/uploads\/2026\/03\/tarifscentre-300x94.png 300w, https:\/\/courses-pompadour.fr\/wp-content\/uploads\/2026\/03\/tarifscentre-1024x320.png 1024w, https:\/\/courses-pompadour.fr\/wp-content\/uploads\/2026\/03\/tarifscentre-768x240.png 768w, https:\/\/courses-pompadour.fr\/wp-content\/uploads\/2026\/03\/tarifscentre-1536x480.png 1536w\" sizes=\"auto, (max-width: 1920px) 100vw, 1920px\" \/>\t\t\t\t\t\t\t\t\t\t\t\t\t\t\t<\/div>\n\t\t\t\t<\/div>\n\t\t\t\t<div class=\"elementor-element elementor-element-b6e065a elementor-widget elementor-widget-heading\" data-id=\"b6e065a\" data-element_type=\"widget\" data-widget_type=\"heading.default\">\n\t\t\t\t<div class=\"elementor-widget-container\">\n\t\t\t<h2 class=\"elementor-heading-title elementor-size-default\">Devenir entra\u00eeneur<\/h2>\t\t<\/div>\n\t\t\t\t<\/div>\n\t\t\t\t\t<\/div>\n\t\t<\/div>\n\t\t\t\t\t\t\t<\/div>\n\t\t<\/section>\n\t\t\t\t<section class=\"elementor-section elementor-top-section elementor-element elementor-element-fbb19e3 elementor-section-boxed elementor-section-height-default elementor-section-height-default qodef-elementor-content-no\" data-id=\"fbb19e3\" data-element_type=\"section\">\n\t\t\t\t\t\t<div class=\"elementor-container elementor-column-gap-default\">\n\t\t\t\t\t<div class=\"elementor-column elementor-col-100 elementor-top-column elementor-element elementor-element-8eabc01\" data-id=\"8eabc01\" data-element_type=\"column\">\n\t\t\t<div class=\"elementor-widget-wrap elementor-element-populated\">\n\t\t\t\t\t\t\t\t<div class=\"elementor-element elementor-element-f231b54 elementor-widget elementor-widget-text-editor\" data-id=\"f231b54\" data-element_type=\"widget\" data-widget_type=\"text-editor.default\">\n\t\t\t\t<div class=\"elementor-widget-container\">\n\t\t\t<style>\/*! elementor - v3.11.0 - 13-02-2023 *\/\n.elementor-widget-text-editor.elementor-drop-cap-view-stacked .elementor-drop-cap{background-color:#818a91;color:#fff}.elementor-widget-text-editor.elementor-drop-cap-view-framed .elementor-drop-cap{color:#818a91;border:3px solid;background-color:transparent}.elementor-widget-text-editor:not(.elementor-drop-cap-view-default) .elementor-drop-cap{margin-top:8px}.elementor-widget-text-editor:not(.elementor-drop-cap-view-default) .elementor-drop-cap-letter{width:1em;height:1em}.elementor-widget-text-editor .elementor-drop-cap{float:left;text-align:center;line-height:1;font-size:50px}.elementor-widget-text-editor .elementor-drop-cap-letter{display:inline-block}<\/style>\t\t\t\t<p><strong>Vous souhaitez devenir entra\u00eeneur inscrit au Centre d\u2019entra\u00eenement de Pompadour ?<\/strong><\/p><p>Le Centre d\u2019entra\u00eenement de Pompadour accueille les entra\u00eeneurs et professionnels souhaitant b\u00e9n\u00e9ficier d\u2019un cadre de travail privil\u00e9gi\u00e9 pour la pr\u00e9paration de leurs chevaux de course.<\/p><p><span style=\"text-decoration: underline;\">Cotisation du centre d\u2019entra\u00eenement :<\/span><br data-start=\"659\" data-end=\"662\" \/><strong>\u2022 30 \u20ac HT par mois et par cheval<\/strong><br data-start=\"694\" data-end=\"697\" \/><strong>\u2022 soit 36 \u20ac TTC<\/strong><\/p><p>Pour toute demande d\u2019inscription ou pour obtenir des informations compl\u00e9mentaires, merci de prendre contact par mail \u00e0 l\u2019adresse suivante :<br data-start=\"579\" data-end=\"582\" \/><strong><a class=\"decorated-link cursor-pointer\" rel=\"noopener\" data-start=\"587\" data-end=\"616\">hippodromepompadour@gmail.com<\/a><\/strong><\/p>\t\t\t\t\t\t<\/div>\n\t\t\t\t<\/div>\n\t\t\t\t<div class=\"elementor-element elementor-element-d8dad8a elementor-widget elementor-widget-heading\" data-id=\"d8dad8a\" data-element_type=\"widget\" data-widget_type=\"heading.default\">\n\t\t\t\t<div class=\"elementor-widget-container\">\n\t\t\t<h2 class=\"elementor-heading-title elementor-size-default\">Entra\u00eenement occasionnel<\/h2>\t\t<\/div>\n\t\t\t\t<\/div>\n\t\t\t\t<div class=\"elementor-element elementor-element-58b6b41 elementor-widget elementor-widget-text-editor\" data-id=\"58b6b41\" data-element_type=\"widget\" data-widget_type=\"text-editor.default\">\n\t\t\t\t<div class=\"elementor-widget-container\">\n\t\t\t\t\t\t\t<p><strong>Vous souhaitez r\u00e9aliser un galop d\u2019entra\u00eenement sur le site ?<\/strong><\/p><p>Le Centre d\u2019entra\u00eenement de Pompadour propose un acc\u00e8s ponctuel pour la r\u00e9alisation de galops d\u2019entra\u00eenement, selon les modalit\u00e9s suivantes :<\/p><p><span style=\"text-decoration: underline;\">Tarifs \u2013 Galop d\u2019entra\u00eenement (acc\u00e8s occasionnel) :<\/span><br data-start=\"427\" data-end=\"430\" \/>\u2022<strong>\u00a0Tarif soci\u00e9taire\u00a0: 30 \u20ac HT \/ cheval \/ journ\u00e9e<\/strong><br data-start=\"481\" data-end=\"484\" \/><strong>\u00a0\u00a0\u2192 soit\u00a036 \u20ac TTC<\/strong><br data-start=\"515\" data-end=\"518\" \/><strong>\u2022\u00a0Tarif occasionnel (non soci\u00e9taire)\u00a0: 50 \u20ac HT \/ cheval \/ journ\u00e9e<\/strong><br data-start=\"587\" data-end=\"590\" \/><strong>\u00a0\u00a0\u2192 soit\u00a060 \u20ac TTC<\/strong><\/p><p>Afin de garantir de bonnes conditions d\u2019acc\u00e8s et d\u2019organisation, merci de\u00a0<span data-start=\"697\" data-end=\"748\">signaler imp\u00e9rativement votre pr\u00e9sence par mail<\/span>\u00a0\u00e0 l\u2019adresse suivante :\u00a0<strong><a class=\"decorated-link cursor-pointer\" rel=\"noopener\" data-start=\"779\" data-end=\"808\">hippodromepompadour@gmail.com<\/a><\/strong><\/p><p>Les conditions d\u2019acc\u00e8s au site vous seront communiqu\u00e9es en retour.<\/p>\t\t\t\t\t\t<\/div>\n\t\t\t\t<\/div>\n\t\t\t\t<section class=\"elementor-section elementor-inner-section elementor-element elementor-element-cd921bc elementor-section-boxed elementor-section-height-default elementor-section-height-default qodef-elementor-content-no\" data-id=\"cd921bc\" data-element_type=\"section\">\n\t\t\t\t\t\t<div class=\"elementor-container elementor-column-gap-default\">\n\t\t\t\t\t<div class=\"elementor-column elementor-col-50 elementor-inner-column elementor-element elementor-element-727f7df\" data-id=\"727f7df\" data-element_type=\"column\">\n\t\t\t<div class=\"elementor-widget-wrap elementor-element-populated\">\n\t\t\t\t\t\t\t\t<div class=\"elementor-element elementor-element-2de46f2 elementor-align-center elementor-widget elementor-widget-button\" data-id=\"2de46f2\" data-element_type=\"widget\" data-widget_type=\"button.default\">\n\t\t\t\t<div class=\"elementor-widget-container\">\n\t\t\t\t\t<div class=\"elementor-button-wrapper\">\n\t\t\t<a href=\"https:\/\/courses-pompadour.fr\/?page_id=9313\" class=\"elementor-button-link elementor-button elementor-size-md\" role=\"button\">\n\t\t\t\t\t\t<span class=\"elementor-button-content-wrapper\">\n\t\t\t\t\t\t<span class=\"elementor-button-text\">Devenir soci\u00e9taire<\/span>\n\t\t<\/span>\n\t\t\t\t\t<\/a>\n\t\t<\/div>\n\t\t\t\t<\/div>\n\t\t\t\t<\/div>\n\t\t\t\t\t<\/div>\n\t\t<\/div>\n\t\t\t\t<div class=\"elementor-column elementor-col-50 elementor-inner-column elementor-element elementor-element-42e26fd\" data-id=\"42e26fd\" data-element_type=\"column\">\n\t\t\t<div class=\"elementor-widget-wrap elementor-element-populated\">\n\t\t\t\t\t\t\t\t<div class=\"elementor-element elementor-element-9fe991e elementor-align-center elementor-widget elementor-widget-button\" data-id=\"9fe991e\" data-element_type=\"widget\" data-widget_type=\"button.default\">\n\t\t\t\t<div class=\"elementor-widget-container\">\n\t\t\t\t\t<div class=\"elementor-button-wrapper\">\n\t\t\t<a href=\"https:\/\/www.helloasso.com\/associations\/societe-des-courses-de-pompadour\/evenements\/entrainement-occasionnel-tarif-societaire\" target=\"_blank\" class=\"elementor-button-link elementor-button elementor-size-md\" role=\"button\">\n\t\t\t\t\t\t<span class=\"elementor-button-content-wrapper\">\n\t\t\t\t\t\t<span class=\"elementor-button-text\">Entra\u00eenement occasionnel<\/span>\n\t\t<\/span>\n\t\t\t\t\t<\/a>\n\t\t<\/div>\n\t\t\t\t<\/div>\n\t\t\t\t<\/div>\n\t\t\t\t\t<\/div>\n\t\t<\/div>\n\t\t\t\t\t\t\t<\/div>\n\t\t<\/section>\n\t\t\t\t\t<\/div>\n\t\t<\/div>\n\t\t\t\t\t\t\t<\/div>\n\t\t<\/section>\n\t\t\t\t\t\t\t<\/div>\n\t\t","protected":false},"excerpt":{"rendered":"<p>VENIR S&rsquo;ENTRA\u00ceNER Devenir entra\u00eeneur Vous souhaitez devenir entra\u00eeneur inscrit au Centre d\u2019entra\u00eenement de Pompadour ? Le Centre d\u2019entra\u00eenement de Pompadour accueille les entra\u00eeneurs et professionnels souhaitant b\u00e9n\u00e9ficier d\u2019un cadre de travail privil\u00e9gi\u00e9 pour la pr\u00e9paration de leurs chevaux de course. Cotisation du centre d\u2019entra\u00eenement :\u2022 30 \u20ac HT par mois et par cheval\u2022 soit 36 [&hellip;]<\/p>\n","protected":false},"author":1,"featured_media":0,"parent":0,"menu_order":0,"comment_status":"closed","ping_status":"closed","template":"","meta":{"footnotes":""},"class_list":["post-9777","page","type-page","status-publish","hentry"],"yoast_head":"<!-- This site is optimized with the Yoast SEO plugin v20.7 - https:\/\/yoast.com\/wordpress\/plugins\/seo\/ -->\n<title>Venir s&#039;entra\u00eener - Hippodrome de Pompadour<\/title>\n<meta name=\"robots\" content=\"index, follow, max-snippet:-1, max-image-preview:large, max-video-preview:-1\" \/>\n<link rel=\"canonical\" href=\"https:\/\/courses-pompadour.fr\/?page_id=9777\" \/>\n<meta property=\"og:locale\" content=\"fr_FR\" \/>\n<meta property=\"og:type\" content=\"article\" \/>\n<meta property=\"og:title\" content=\"Venir s&#039;entra\u00eener - Hippodrome de Pompadour\" \/>\n<meta property=\"og:description\" content=\"VENIR S&rsquo;ENTRA\u00ceNER Devenir entra\u00eeneur Vous souhaitez devenir entra\u00eeneur inscrit au Centre d\u2019entra\u00eenement de Pompadour ? Le Centre d\u2019entra\u00eenement de Pompadour accueille les entra\u00eeneurs et professionnels souhaitant b\u00e9n\u00e9ficier d\u2019un cadre de travail privil\u00e9gi\u00e9 pour la pr\u00e9paration de leurs chevaux de course. Cotisation du centre d\u2019entra\u00eenement :\u2022 30 \u20ac HT par mois et par cheval\u2022 soit 36 [&hellip;]\" \/>\n<meta property=\"og:url\" content=\"https:\/\/courses-pompadour.fr\/?page_id=9777\" \/>\n<meta property=\"og:site_name\" content=\"Hippodrome de Pompadour\" \/>\n<meta property=\"article:publisher\" content=\"https:\/\/www.facebook.com\/coursespompadour\" \/>\n<meta property=\"article:modified_time\" content=\"2026-04-01T08:54:41+00:00\" \/>\n<meta property=\"og:image\" content=\"http:\/\/courses-pompadour.fr\/wp-content\/uploads\/2026\/03\/tarifscentre.png\" \/>\n<meta name=\"twitter:card\" content=\"summary_large_image\" \/>\n<meta name=\"twitter:site\" content=\"@HippodromePompa\" \/>\n<meta name=\"twitter:label1\" content=\"Dur\u00e9e de lecture estim\u00e9e\" \/>\n\t<meta name=\"twitter:data1\" content=\"2 minutes\" \/>\n<script type=\"application\/ld+json\" class=\"yoast-schema-graph\">{\"@context\":\"https:\/\/schema.org\",\"@graph\":[{\"@type\":\"WebPage\",\"@id\":\"https:\/\/courses-pompadour.fr\/?page_id=9777\",\"url\":\"https:\/\/courses-pompadour.fr\/?page_id=9777\",\"name\":\"Venir s'entra\u00eener - Hippodrome de Pompadour\",\"isPartOf\":{\"@id\":\"https:\/\/courses-pompadour.fr\/#website\"},\"datePublished\":\"2026-03-31T13:27:01+00:00\",\"dateModified\":\"2026-04-01T08:54:41+00:00\",\"breadcrumb\":{\"@id\":\"https:\/\/courses-pompadour.fr\/?page_id=9777#breadcrumb\"},\"inLanguage\":\"fr-FR\",\"potentialAction\":[{\"@type\":\"ReadAction\",\"target\":[\"https:\/\/courses-pompadour.fr\/?page_id=9777\"]}]},{\"@type\":\"BreadcrumbList\",\"@id\":\"https:\/\/courses-pompadour.fr\/?page_id=9777#breadcrumb\",\"itemListElement\":[{\"@type\":\"ListItem\",\"position\":1,\"name\":\"Accueil\",\"item\":\"https:\/\/courses-pompadour.fr\/\"},{\"@type\":\"ListItem\",\"position\":2,\"name\":\"Venir s&#8217;entra\u00eener\"}]},{\"@type\":\"WebSite\",\"@id\":\"https:\/\/courses-pompadour.fr\/#website\",\"url\":\"https:\/\/courses-pompadour.fr\/\",\"name\":\"Hippodrome de Pompadour\",\"description\":\"Bienvenue \u00e0 l&#039;hippodrome de Pompadour\",\"publisher\":{\"@id\":\"https:\/\/courses-pompadour.fr\/#organization\"},\"potentialAction\":[{\"@type\":\"SearchAction\",\"target\":{\"@type\":\"EntryPoint\",\"urlTemplate\":\"https:\/\/courses-pompadour.fr\/?s={search_term_string}\"},\"query-input\":\"required name=search_term_string\"}],\"inLanguage\":\"fr-FR\"},{\"@type\":\"Organization\",\"@id\":\"https:\/\/courses-pompadour.fr\/#organization\",\"name\":\"Hippodrome de Pompadour\",\"url\":\"https:\/\/courses-pompadour.fr\/\",\"logo\":{\"@type\":\"ImageObject\",\"inLanguage\":\"fr-FR\",\"@id\":\"https:\/\/courses-pompadour.fr\/#\/schema\/logo\/image\/\",\"url\":\"https:\/\/courses-pompadour.fr\/wp-content\/uploads\/2023\/02\/cropped-logo-transparent-1-1-1.png\",\"contentUrl\":\"https:\/\/courses-pompadour.fr\/wp-content\/uploads\/2023\/02\/cropped-logo-transparent-1-1-1.png\",\"width\":512,\"height\":512,\"caption\":\"Hippodrome de Pompadour\"},\"image\":{\"@id\":\"https:\/\/courses-pompadour.fr\/#\/schema\/logo\/image\/\"},\"sameAs\":[\"https:\/\/www.facebook.com\/coursespompadour\",\"https:\/\/twitter.com\/HippodromePompa\",\"https:\/\/www.instagram.com\/hippodromedepompadour\/\",\"https:\/\/www.linkedin.com\/in\/socit-des-courses-de-pompadour-a430ab261\/\"]}]}<\/script>\n<!-- \/ Yoast SEO plugin. -->","yoast_head_json":{"title":"Venir s'entra\u00eener - Hippodrome de Pompadour","robots":{"index":"index","follow":"follow","max-snippet":"max-snippet:-1","max-image-preview":"max-image-preview:large","max-video-preview":"max-video-preview:-1"},"canonical":"https:\/\/courses-pompadour.fr\/?page_id=9777","og_locale":"fr_FR","og_type":"article","og_title":"Venir s'entra\u00eener - Hippodrome de Pompadour","og_description":"VENIR S&rsquo;ENTRA\u00ceNER Devenir entra\u00eeneur Vous souhaitez devenir entra\u00eeneur inscrit au Centre d\u2019entra\u00eenement de Pompadour ? Le Centre d\u2019entra\u00eenement de Pompadour accueille les entra\u00eeneurs et professionnels souhaitant b\u00e9n\u00e9ficier d\u2019un cadre de travail privil\u00e9gi\u00e9 pour la pr\u00e9paration de leurs chevaux de course. Cotisation du centre d\u2019entra\u00eenement :\u2022 30 \u20ac HT par mois et par cheval\u2022 soit 36 [&hellip;]","og_url":"https:\/\/courses-pompadour.fr\/?page_id=9777","og_site_name":"Hippodrome de Pompadour","article_publisher":"https:\/\/www.facebook.com\/coursespompadour","article_modified_time":"2026-04-01T08:54:41+00:00","og_image":[{"url":"http:\/\/courses-pompadour.fr\/wp-content\/uploads\/2026\/03\/tarifscentre.png"}],"twitter_card":"summary_large_image","twitter_site":"@HippodromePompa","twitter_misc":{"Dur\u00e9e de lecture estim\u00e9e":"2 minutes"},"schema":{"@context":"https:\/\/schema.org","@graph":[{"@type":"WebPage","@id":"https:\/\/courses-pompadour.fr\/?page_id=9777","url":"https:\/\/courses-pompadour.fr\/?page_id=9777","name":"Venir s'entra\u00eener - Hippodrome de Pompadour","isPartOf":{"@id":"https:\/\/courses-pompadour.fr\/#website"},"datePublished":"2026-03-31T13:27:01+00:00","dateModified":"2026-04-01T08:54:41+00:00","breadcrumb":{"@id":"https:\/\/courses-pompadour.fr\/?page_id=9777#breadcrumb"},"inLanguage":"fr-FR","potentialAction":[{"@type":"ReadAction","target":["https:\/\/courses-pompadour.fr\/?page_id=9777"]}]},{"@type":"BreadcrumbList","@id":"https:\/\/courses-pompadour.fr\/?page_id=9777#breadcrumb","itemListElement":[{"@type":"ListItem","position":1,"name":"Accueil","item":"https:\/\/courses-pompadour.fr\/"},{"@type":"ListItem","position":2,"name":"Venir s&#8217;entra\u00eener"}]},{"@type":"WebSite","@id":"https:\/\/courses-pompadour.fr\/#website","url":"https:\/\/courses-pompadour.fr\/","name":"Hippodrome de Pompadour","description":"Bienvenue \u00e0 l&#039;hippodrome de Pompadour","publisher":{"@id":"https:\/\/courses-pompadour.fr\/#organization"},"potentialAction":[{"@type":"SearchAction","target":{"@type":"EntryPoint","urlTemplate":"https:\/\/courses-pompadour.fr\/?s={search_term_string}"},"query-input":"required name=search_term_string"}],"inLanguage":"fr-FR"},{"@type":"Organization","@id":"https:\/\/courses-pompadour.fr\/#organization","name":"Hippodrome de Pompadour","url":"https:\/\/courses-pompadour.fr\/","logo":{"@type":"ImageObject","inLanguage":"fr-FR","@id":"https:\/\/courses-pompadour.fr\/#\/schema\/logo\/image\/","url":"https:\/\/courses-pompadour.fr\/wp-content\/uploads\/2023\/02\/cropped-logo-transparent-1-1-1.png","contentUrl":"https:\/\/courses-pompadour.fr\/wp-content\/uploads\/2023\/02\/cropped-logo-transparent-1-1-1.png","width":512,"height":512,"caption":"Hippodrome de Pompadour"},"image":{"@id":"https:\/\/courses-pompadour.fr\/#\/schema\/logo\/image\/"},"sameAs":["https:\/\/www.facebook.com\/coursespompadour","https:\/\/twitter.com\/HippodromePompa","https:\/\/www.instagram.com\/hippodromedepompadour\/","https:\/\/www.linkedin.com\/in\/socit-des-courses-de-pompadour-a430ab261\/"]}]}},"_links":{"self":[{"href":"https:\/\/courses-pompadour.fr\/index.php?rest_route=\/wp\/v2\/pages\/9777","targetHints":{"allow":["GET"]}}],"collection":[{"href":"https:\/\/courses-pompadour.fr\/index.php?rest_route=\/wp\/v2\/pages"}],"about":[{"href":"https:\/\/courses-pompadour.fr\/index.php?rest_route=\/wp\/v2\/types\/page"}],"author":[{"embeddable":true,"href":"https:\/\/courses-pompadour.fr\/index.php?rest_route=\/wp\/v2\/users\/1"}],"replies":[{"embeddable":true,"href":"https:\/\/courses-pompadour.fr\/index.php?rest_route=%2Fwp%2Fv2%2Fcomments&post=9777"}],"version-history":[{"count":21,"href":"https:\/\/courses-pompadour.fr\/index.php?rest_route=\/wp\/v2\/pages\/9777\/revisions"}],"predecessor-version":[{"id":10069,"href":"https:\/\/courses-pompadour.fr\/index.php?rest_route=\/wp\/v2\/pages\/9777\/revisions\/10069"}],"wp:attachment":[{"href":"https:\/\/courses-pompadour.fr\/index.php?rest_route=%2Fwp%2Fv2%2Fmedia&parent=9777"}],"curies":[{"name":"wp","href":"https:\/\/api.w.org\/{rel}","templated":true}]}}